{"id":101,"date":"2022-05-22T18:18:30","date_gmt":"2022-05-22T16:18:30","guid":{"rendered":"https:\/\/podologmed.pl\/?page_id=101"},"modified":"2022-05-22T18:18:30","modified_gmt":"2022-05-22T16:18:30","slug":"pielegnacja-stop-kobiet-w-ciazy","status":"publish","type":"page","link":"https:\/\/podologmed.pl\/index.php\/pielegnacja-stop-kobiet-w-ciazy\/","title":{"rendered":"PIEL\u0118GNACJA ST\u00d3P KOBIET W CI\u0104\u017bY"},"content":{"rendered":"\n<p>Ci\u0105\u017ca to wyj\u0105tkowy okres w \u017cyciu ka\u017cdej kobiety, podczas kt\u00f3rego powinna szczeg\u00f3lnie zadba\u0107 o swoje stopy. W ci\u0105\u017cy ze wzgl\u0119du na gwa\u0142towny wzrost masy cia\u0142a oraz zmiany hormonalne, stopy ci\u0119\u017carnej nara\u017cone s\u0105 na szereg przypad\u0142o\u015bci, a co za tym idzie wymagaj\u0105 systematycznej i bardziej specjalistycznej piel\u0119gnacji. Problemy na jakie nara\u017cone s\u0105 stopy ci\u0119\u017carnej to g\u0142\u00f3wnie:<\/p>\n\n\n\n<ul><li>obrz\u0119ki i bolesno\u015b\u0107 st\u00f3p<\/li><li>nadmierna potliwo\u015b\u0107 st\u00f3p<\/li><li>grzybica<\/li><li>sucho\u015b\u0107 i p\u0119kanie nask\u00f3rka<\/li><li>modzele i odciski<\/li><li>wrastanie paznokci, zar\u00f3wno w trakcie trwania ci\u0105\u017cy jak i ju\u017c po rozwi\u0105zaniu<\/li><\/ul>\n\n\n\n<p>Ze wzgl\u0119du na du\u017c\u0105 skal\u0119 problemu , zalecamy regularne wizyty w gabinecie podologicznym co zapewni ci\u0119\u017carnej odpowiedni\u0105 opiek\u0119 w zakresie piel\u0119gnacji st\u00f3p, a odpowiednia edukacja i w\u0142a\u015bciwie dobrane preparaty do codziennej piel\u0119gnacji, ustrzeg\u0105 kobiety ci\u0119\u017carne przed nieprzyjemnymi przypad\u0142o\u015bciami st\u00f3p.<\/p>\n","protected":false},"excerpt":{"rendered":"<p>Ci\u0105\u017ca to wyj\u0105tkowy okres w \u017cyciu ka\u017cdej kobiety, podczas kt\u00f3rego powinna szczeg\u00f3lnie zadba\u0107 o swoje stopy. W ci\u0105\u017cy ze wzgl\u0119du na gwa\u0142towny wzrost masy cia\u0142a oraz zmiany hormonalne, stopy ci\u0119\u017carnej nara\u017cone s\u0105 na szereg przypad\u0142o\u015bci, a co za tym idzie wymagaj\u0105 systematycznej i bardziej specjalistycznej piel\u0119gnacji. Problemy na jakie nara\u017cone s\u0105 stopy ci\u0119\u017carnej to g\u0142\u00f3wnie: [&hellip;]<\/p>\n","protected":false},"author":3,"featured_media":0,"parent":0,"menu_order":0,"comment_status":"closed","ping_status":"closed","template":"","meta":{"_et_pb_use_builder":"","_et_pb_old_content":"","_et_gb_content_width":""},"_links":{"self":[{"href":"https:\/\/podologmed.pl\/index.php\/wp-json\/wp\/v2\/pages\/101"}],"collection":[{"href":"https:\/\/podologmed.pl\/index.php\/wp-json\/wp\/v2\/pages"}],"about":[{"href":"https:\/\/podologmed.pl\/index.php\/wp-json\/wp\/v2\/types\/page"}],"author":[{"embeddable":true,"href":"https:\/\/podologmed.pl\/index.php\/wp-json\/wp\/v2\/users\/3"}],"replies":[{"embeddable":true,"href":"https:\/\/podologmed.pl\/index.php\/wp-json\/wp\/v2\/comments?post=101"}],"version-history":[{"count":1,"href":"https:\/\/podologmed.pl\/index.php\/wp-json\/wp\/v2\/pages\/101\/revisions"}],"predecessor-version":[{"id":102,"href":"https:\/\/podologmed.pl\/index.php\/wp-json\/wp\/v2\/pages\/101\/revisions\/102"}],"wp:attachment":[{"href":"https:\/\/podologmed.pl\/index.php\/wp-json\/wp\/v2\/media?parent=101"}],"curies":[{"name":"wp","href":"https:\/\/api.w.org\/{rel}","templated":true}]}}