{"id":103,"date":"2022-05-22T18:19:25","date_gmt":"2022-05-22T16:19:25","guid":{"rendered":"https:\/\/podologmed.pl\/?page_id=103"},"modified":"2022-05-22T18:19:25","modified_gmt":"2022-05-22T16:19:25","slug":"pielegnacja-stop-dzieci","status":"publish","type":"page","link":"https:\/\/podologmed.pl\/index.php\/pielegnacja-stop-dzieci\/","title":{"rendered":"PIEL\u0118GNACJA ST\u00d3P DZIECI"},"content":{"rendered":"\n<p>Stopy ma\u0142ego dziecka znacznie r\u00f3\u017cni\u0105 si\u0119 od dojrza\u0142ej stopy rodzic\u00f3w.\u00a0 S\u0105 bardzo mi\u0119kkie, nie maj\u0105 sklepie\u0144, du\u017cy palec charakterystycznie odstaje, a wn\u0119trze wype\u0142nione jest tkank\u0105 t\u0142uszczow\u0105. Stopy dziecka pozbawione s\u0105 takich zmian jak: modzele, odciski czy nagniotki, kt\u00f3re s\u0105 typowe dla stopy doros\u0142ej. Sk\u00f3ra st\u00f3p dziecka nie wymaga wi\u0119c stosowania specjalnych preparat\u00f3w do ich piel\u0119gnacji.\u00a0 Paznokcie u dzieci rosn\u0105 szybciej. Nale\u017cy pami\u0119ta\u0107 o systematycznym ich obcinaniu i zapobieganiu ich wrastaniu. Je\u017celi zauwa\u017cymy, \u017ce paznokcie zaczynaj\u0105 rosn\u0105\u0107 niekorzystnie lepiej uda\u0107 si\u0119 do gabinetu piel\u0119gnacji st\u00f3p, gdzie specjalista podolog\u00a0 nada paznokciom prawid\u0142owy kszta\u0142t zapobiegaj\u0105cy wrastaniu. Nierzadkim problemem s\u0105 u dzieci brodawki wirusowe, kt\u00f3re cz\u0119sto rodzice myl\u0105 z odciskiem. Warto swoje podejrzenia skonsultowa\u0107 z podologiem by nasze male\u0144stwa mog\u0142y si\u0119 cieszy\u0107 pi\u0119knymi i zdrowymi st\u00f3pkami. Podczas wizyty w gabinecie specjalista poradzi na co nale\u017cy zwr\u00f3ci\u0107 uwag\u0119 aby zadba\u0107 o prawid\u0142owy rozw\u00f3j st\u00f3p i paznokci naszych pociech.<\/p>\n","protected":false},"excerpt":{"rendered":"<p>Stopy ma\u0142ego dziecka znacznie r\u00f3\u017cni\u0105 si\u0119 od dojrza\u0142ej stopy rodzic\u00f3w.\u00a0 S\u0105 bardzo mi\u0119kkie, nie maj\u0105 sklepie\u0144, du\u017cy palec charakterystycznie odstaje, a wn\u0119trze wype\u0142nione jest tkank\u0105 t\u0142uszczow\u0105. Stopy dziecka pozbawione s\u0105 takich zmian jak: modzele, odciski czy nagniotki, kt\u00f3re s\u0105 typowe dla stopy doros\u0142ej. Sk\u00f3ra st\u00f3p dziecka nie wymaga wi\u0119c stosowania specjalnych preparat\u00f3w do ich piel\u0119gnacji.\u00a0 [&hellip;]<\/p>\n","protected":false},"author":3,"featured_media":0,"parent":0,"menu_order":0,"comment_status":"closed","ping_status":"closed","template":"","meta":{"_et_pb_use_builder":"","_et_pb_old_content":"","_et_gb_content_width":""},"_links":{"self":[{"href":"https:\/\/podologmed.pl\/index.php\/wp-json\/wp\/v2\/pages\/103"}],"collection":[{"href":"https:\/\/podologmed.pl\/index.php\/wp-json\/wp\/v2\/pages"}],"about":[{"href":"https:\/\/podologmed.pl\/index.php\/wp-json\/wp\/v2\/types\/page"}],"author":[{"embeddable":true,"href":"https:\/\/podologmed.pl\/index.php\/wp-json\/wp\/v2\/users\/3"}],"replies":[{"embeddable":true,"href":"https:\/\/podologmed.pl\/index.php\/wp-json\/wp\/v2\/comments?post=103"}],"version-history":[{"count":1,"href":"https:\/\/podologmed.pl\/index.php\/wp-json\/wp\/v2\/pages\/103\/revisions"}],"predecessor-version":[{"id":104,"href":"https:\/\/podologmed.pl\/index.php\/wp-json\/wp\/v2\/pages\/103\/revisions\/104"}],"wp:attachment":[{"href":"https:\/\/podologmed.pl\/index.php\/wp-json\/wp\/v2\/media?parent=103"}],"curies":[{"name":"wp","href":"https:\/\/api.w.org\/{rel}","templated":true}]}}