{"id":29,"date":"2022-05-15T17:04:41","date_gmt":"2022-05-15T15:04:41","guid":{"rendered":"http:\/\/mnqmhwm.cluster031.hosting.ovh.net\/?page_id=29"},"modified":"2022-05-15T17:04:41","modified_gmt":"2022-05-15T15:04:41","slug":"pedicure-pielegnacyjny","status":"publish","type":"page","link":"https:\/\/podologmed.pl\/index.php\/pedicure-pielegnacyjny\/","title":{"rendered":"PEDICURE PIEL\u0118GNACYJNY"},"content":{"rendered":"\n<p>Zabieg maj\u0105cy na celu utrzymanie naszych st\u00f3p w dobrej kondycji.<br>Przebieg zabiegu:<br>-konsultacja podologiczna<br>-dezynfekcja sk\u00f3ry<br>-usuni\u0119ciu standardowych zrogowace\u0144 frezem \u015bciernym<br>-obci\u0119ciu i oszlifowaniu paznokci<\/p>\n\n\n\n<ul><li>wmasowanie preparatu piel\u0119gnacyjnego w sk\u00f3r\u0119 st\u00f3p i paznokcie<\/li><li>na \u017cyczenie pacjenta pokrycie paznokci lakierem hybrydowym<\/li><\/ul>\n\n\n\n<p><\/p>\n","protected":false},"excerpt":{"rendered":"<p>Zabieg maj\u0105cy na celu utrzymanie naszych st\u00f3p w dobrej kondycji.Przebieg zabiegu:-konsultacja podologiczna-dezynfekcja sk\u00f3ry-usuni\u0119ciu standardowych zrogowace\u0144 frezem \u015bciernym-obci\u0119ciu i oszlifowaniu paznokci wmasowanie preparatu piel\u0119gnacyjnego w sk\u00f3r\u0119 st\u00f3p i paznokcie na \u017cyczenie pacjenta pokrycie paznokci lakierem hybrydowym<\/p>\n","protected":false},"author":1,"featured_media":0,"parent":0,"menu_order":0,"comment_status":"closed","ping_status":"closed","template":"","meta":{"_et_pb_use_builder":"","_et_pb_old_content":"","_et_gb_content_width":""},"_links":{"self":[{"href":"https:\/\/podologmed.pl\/index.php\/wp-json\/wp\/v2\/pages\/29"}],"collection":[{"href":"https:\/\/podologmed.pl\/index.php\/wp-json\/wp\/v2\/pages"}],"about":[{"href":"https:\/\/podologmed.pl\/index.php\/wp-json\/wp\/v2\/types\/page"}],"author":[{"embeddable":true,"href":"https:\/\/podologmed.pl\/index.php\/wp-json\/wp\/v2\/users\/1"}],"replies":[{"embeddable":true,"href":"https:\/\/podologmed.pl\/index.php\/wp-json\/wp\/v2\/comments?post=29"}],"version-history":[{"count":1,"href":"https:\/\/podologmed.pl\/index.php\/wp-json\/wp\/v2\/pages\/29\/revisions"}],"predecessor-version":[{"id":30,"href":"https:\/\/podologmed.pl\/index.php\/wp-json\/wp\/v2\/pages\/29\/revisions\/30"}],"wp:attachment":[{"href":"https:\/\/podologmed.pl\/index.php\/wp-json\/wp\/v2\/media?parent=29"}],"curies":[{"name":"wp","href":"https:\/\/api.w.org\/{rel}","templated":true}]}}