{"id":31,"date":"2022-05-15T17:05:32","date_gmt":"2022-05-15T15:05:32","guid":{"rendered":"http:\/\/mnqmhwm.cluster031.hosting.ovh.net\/?page_id=31"},"modified":"2022-08-14T19:24:10","modified_gmt":"2022-08-14T17:24:10","slug":"odciski","status":"publish","type":"page","link":"https:\/\/podologmed.pl\/index.php\/odciski\/","title":{"rendered":"ODCISKI"},"content":{"rendered":"[et_pb_section fb_built=&#8221;1&#8243; admin_label=&#8221;section&#8221; _builder_version=&#8221;4.16&#8243; global_colors_info=&#8221;{}&#8221;][et_pb_row admin_label=&#8221;row&#8221; _builder_version=&#8221;4.16&#8243; background_size=&#8221;initial&#8221; background_position=&#8221;top_left&#8221; background_repeat=&#8221;repeat&#8221; global_colors_info=&#8221;{}&#8221;][et_pb_column type=&#8221;4_4&#8243; _builder_version=&#8221;4.16&#8243; custom_padding=&#8221;|||&#8221; global_colors_info=&#8221;{}&#8221; custom_padding__hover=&#8221;|||&#8221;][et_pb_text _builder_version=&#8221;4.17.6&#8243; _module_preset=&#8221;default&#8221; hover_enabled=&#8221;0&#8243; sticky_enabled=&#8221;0&#8243;]<h1>Odciski<\/h1>[\/et_pb_text][et_pb_text admin_label=&#8221;Text&#8221; _builder_version=&#8221;4.16&#8243; background_size=&#8221;initial&#8221; background_position=&#8221;top_left&#8221; background_repeat=&#8221;repeat&#8221; global_colors_info=&#8221;{}&#8221;]\n<p><strong>Odciski<\/strong> to czopy rogowe, kt\u00f3re powstaj\u0105 w wyniku przewlek\u0142ego punktowego ucisku. W efekcie obronnym dochodzi do nadmiernego wytwarzania kom\u00f3rek rogowych sk\u00f3ry, co przy powtarzaj\u0105cym si\u0119 ucisku prowadzi do wbijania si\u0119 ich w g\u0142\u0119bsze warstwy tworz\u0105c rdze\u0144 odcisku. Podczas ucisku rdze\u0144 ten naciska na okostn\u0105, kt\u00f3ra jest silnie unerwiona, w efekcie czego powoduje siny, promieniuj\u0105cy b\u00f3l.<\/p>\n\n\n\n<p><strong>Gdzie powstaj\u0105 odciski?<br><\/strong>Odciski pojawiaj\u0105 si\u0119 w ro\u017cnych cz\u0119\u015bciach stopy, najcz\u0119\u015bciej na grzbietach palc\u00f3w ( efekt deformacji w obr\u0119bie staw\u00f3w mi\u0119dzypaliczkowych), \u015br\u00f3dstopiu &#8211; u os\u00f3b starszych na skutek zamiany rozk\u0142adu obci\u0105\u017cenia stopy, przeci\u0105\u017cenia b\u0105d\u017a te\u017c zaniku pod\u015bci\u00f3\u0142ki t\u0142uszczowej a co za tym idzie zmiejszonej amortyzacji stopy.<br>Odciski podczas chodzenia wywo\u0142uj\u0105 ogromny b\u00f3l, przyczyniaj\u0105 si\u0119 do zmiany biomechaniki chodu, a przez to odruchowo zaczynamy odci\u0105\u017ca\u0107 miejsce bol\u0105ce tym samym obci\u0105\u017caj\u0105c inn\u0105, zdrow\u0105 cz\u0119\u015b\u0107 stopy co w konsekwencji skutkuje pojawieniem si\u0119 problemu w innych miejscach takich jak miednica, kolana, kr\u0119gos\u0142up.<br><\/p>\n\n\n\n<p><strong>Jak usuwamy odciski?<br><\/strong>Zabieg polega na usuni\u0119ciu twardego czopa rogowego, a nast\u0119pnie za\u0142o\u017cenie specjalistycznego opatrunku ze \u015brodkiem leczniczym. Zabieg jest praktycznie bezbolesny, bezinwazyjny i nie wymaga podawania znieczulenia.<br><\/p>\n\n\n\n<p><strong>Czy preparaty apteczne na odciski s\u0105 skuteczne?<br><\/strong>Nie zaleca si\u0119 stosowania preparat\u00f3w aptecznych na odciski poniewa\u017c kwas salicylowy i mlekowy zawarty w tych preparatach powoduje g\u0142\u0119bokie poparzenie sk\u00f3ry, nie usuwa odciska w efekcie czego powoduje jeszcze wi\u0119kszy b\u00f3l. Usuni\u0119cie odciska po zastosowaniu preparat\u00f3w aptecznych przez podologa w gabinecie jest znacznie utrudnione.<\/p>\n[\/et_pb_text][\/et_pb_column][\/et_pb_row][et_pb_row _builder_version=&#8221;4.17.6&#8243; _module_preset=&#8221;default&#8221; column_structure=&#8221;1_3,1_3,1_3&#8243;][et_pb_column _builder_version=&#8221;4.17.6&#8243; _module_preset=&#8221;default&#8221; type=&#8221;1_3&#8243;][et_pb_image src=&#8221;https:\/\/podologmed.pl\/wp-content\/uploads\/2022\/08\/odc.jpg&#8221; _builder_version=&#8221;4.17.6&#8243; _module_preset=&#8221;default&#8221; theme_builder_area=&#8221;post_content&#8221; hover_enabled=&#8221;0&#8243; sticky_enabled=&#8221;0&#8243;][\/et_pb_image][\/et_pb_column][et_pb_column _builder_version=&#8221;4.17.6&#8243; _module_preset=&#8221;default&#8221; type=&#8221;1_3&#8243;][et_pb_image src=&#8221;https:\/\/podologmed.pl\/wp-content\/uploads\/2022\/08\/odciski-1.jpg&#8221; _builder_version=&#8221;4.17.6&#8243; _module_preset=&#8221;default&#8221; theme_builder_area=&#8221;post_content&#8221; hover_enabled=&#8221;0&#8243; sticky_enabled=&#8221;0&#8243;][\/et_pb_image][\/et_pb_column][et_pb_column _builder_version=&#8221;4.17.6&#8243; _module_preset=&#8221;default&#8221; type=&#8221;1_3&#8243;][et_pb_image src=&#8221;https:\/\/podologmed.pl\/wp-content\/uploads\/2022\/08\/20161201_112503-scaled.jpg&#8221; _builder_version=&#8221;4.17.6&#8243; _module_preset=&#8221;default&#8221; theme_builder_area=&#8221;post_content&#8221; hover_enabled=&#8221;0&#8243; sticky_enabled=&#8221;0&#8243;][\/et_pb_image][\/et_pb_column][\/et_pb_row][\/et_pb_section]","protected":false},"excerpt":{"rendered":"<p>Odciski Odciski to czopy rogowe, kt\u00f3re powstaj\u0105 w wyniku przewlek\u0142ego punktowego ucisku. W efekcie obronnym dochodzi do nadmiernego wytwarzania kom\u00f3rek rogowych sk\u00f3ry, co przy powtarzaj\u0105cym si\u0119 ucisku prowadzi do wbijania si\u0119 ich w g\u0142\u0119bsze warstwy tworz\u0105c rdze\u0144 odcisku. Podczas ucisku rdze\u0144 ten naciska na okostn\u0105, kt\u00f3ra jest silnie unerwiona, w efekcie czego powoduje siny, promieniuj\u0105cy [&hellip;]<\/p>\n","protected":false},"author":1,"featured_media":0,"parent":0,"menu_order":0,"comment_status":"closed","ping_status":"closed","template":"","meta":{"_et_pb_use_builder":"on","_et_pb_old_content":"<!-- wp:paragraph -->\n<p><strong>Odciski<\/strong> to czopy rogowe, kt\u00f3re powstaj\u0105 w wyniku przewlek\u0142ego punktowego ucisku. W efekcie obronnym dochodzi do nadmiernego wytwarzania kom\u00f3rek rogowych sk\u00f3ry, co przy powtarzaj\u0105cym si\u0119 ucisku prowadzi do wbijania si\u0119 ich w g\u0142\u0119bsze warstwy tworz\u0105c rdze\u0144 odcisku. Podczas ucisku rdze\u0144 ten naciska na okostn\u0105, kt\u00f3ra jest silnie unerwiona, w efekcie czego powoduje siny, promieniuj\u0105cy b\u00f3l.<\/p>\n<!-- \/wp:paragraph -->\n\n<!-- wp:paragraph -->\n<p><strong>Gdzie powstaj\u0105 odciski?<br><\/strong>Odciski pojawiaj\u0105 si\u0119 w ro\u017cnych cz\u0119\u015bciach stopy, najcz\u0119\u015bciej na grzbietach palc\u00f3w ( efekt deformacji w obr\u0119bie staw\u00f3w mi\u0119dzypaliczkowych), \u015br\u00f3dstopiu - u os\u00f3b starszych na skutek zamiany rozk\u0142adu obci\u0105\u017cenia stopy, przeci\u0105\u017cenia b\u0105d\u017a te\u017c zaniku pod\u015bci\u00f3\u0142ki t\u0142uszczowej a co za tym idzie zmiejszonej amortyzacji stopy.<br>Odciski podczas chodzenia wywo\u0142uj\u0105 ogromny b\u00f3l, przyczyniaj\u0105 si\u0119 do zmiany biomechaniki chodu, a przez to odruchowo zaczynamy odci\u0105\u017ca\u0107 miejsce bol\u0105ce tym samym obci\u0105\u017caj\u0105c inn\u0105, zdrow\u0105 cz\u0119\u015b\u0107 stopy co w konsekwencji skutkuje pojawieniem si\u0119 problemu w innych miejscach takich jak miednica, kolana, kr\u0119gos\u0142up.<br><\/p>\n<!-- \/wp:paragraph -->\n\n<!-- wp:paragraph -->\n<p><strong>Jak usuwamy odciski?<br><\/strong>Zabieg polega na usuni\u0119ciu twardego czopa rogowego, a nast\u0119pnie za\u0142o\u017cenie specjalistycznego opatrunku ze \u015brodkiem leczniczym. Zabieg jest praktycznie bezbolesny, bezinwazyjny i nie wymaga podawania znieczulenia.<br><\/p>\n<!-- \/wp:paragraph -->\n\n<!-- wp:paragraph -->\n<p><strong>Czy preparaty apteczne na odciski s\u0105 skuteczne?<br><\/strong>Nie zaleca si\u0119 stosowania preparat\u00f3w aptecznych na odciski poniewa\u017c kwas salicylowy i mlekowy zawarty w tych preparatach powoduje g\u0142\u0119bokie poparzenie sk\u00f3ry, nie usuwa odciska w efekcie czego powoduje jeszcze wi\u0119kszy b\u00f3l. Usuni\u0119cie odciska po zastosowaniu preparat\u00f3w aptecznych przez podologa w gabinecie jest znacznie utrudnione.<\/p>\n<!-- \/wp:paragraph -->","_et_gb_content_width":""},"_links":{"self":[{"href":"https:\/\/podologmed.pl\/index.php\/wp-json\/wp\/v2\/pages\/31"}],"collection":[{"href":"https:\/\/podologmed.pl\/index.php\/wp-json\/wp\/v2\/pages"}],"about":[{"href":"https:\/\/podologmed.pl\/index.php\/wp-json\/wp\/v2\/types\/page"}],"author":[{"embeddable":true,"href":"https:\/\/podologmed.pl\/index.php\/wp-json\/wp\/v2\/users\/1"}],"replies":[{"embeddable":true,"href":"https:\/\/podologmed.pl\/index.php\/wp-json\/wp\/v2\/comments?post=31"}],"version-history":[{"count":5,"href":"https:\/\/podologmed.pl\/index.php\/wp-json\/wp\/v2\/pages\/31\/revisions"}],"predecessor-version":[{"id":913,"href":"https:\/\/podologmed.pl\/index.php\/wp-json\/wp\/v2\/pages\/31\/revisions\/913"}],"wp:attachment":[{"href":"https:\/\/podologmed.pl\/index.php\/wp-json\/wp\/v2\/media?parent=31"}],"curies":[{"name":"wp","href":"https:\/\/api.w.org\/{rel}","templated":true}]}}