{"id":35,"date":"2022-05-15T17:08:34","date_gmt":"2022-05-15T15:08:34","guid":{"rendered":"http:\/\/mnqmhwm.cluster031.hosting.ovh.net\/?page_id=35"},"modified":"2022-08-14T19:20:20","modified_gmt":"2022-08-14T17:20:20","slug":"modzele","status":"publish","type":"page","link":"https:\/\/podologmed.pl\/index.php\/modzele\/","title":{"rendered":"MODZELE"},"content":{"rendered":"[et_pb_section fb_built=&#8221;1&#8243; admin_label=&#8221;section&#8221; _builder_version=&#8221;4.16&#8243; global_colors_info=&#8221;{}&#8221;][et_pb_row admin_label=&#8221;row&#8221; _builder_version=&#8221;4.16&#8243; background_size=&#8221;initial&#8221; background_position=&#8221;top_left&#8221; background_repeat=&#8221;repeat&#8221; global_colors_info=&#8221;{}&#8221;][et_pb_column type=&#8221;4_4&#8243; _builder_version=&#8221;4.16&#8243; custom_padding=&#8221;|||&#8221; global_colors_info=&#8221;{}&#8221; custom_padding__hover=&#8221;|||&#8221;][et_pb_text _builder_version=&#8221;4.17.6&#8243; _module_preset=&#8221;default&#8221; hover_enabled=&#8221;0&#8243; sticky_enabled=&#8221;0&#8243;]<h1>Modzele<\/h1>[\/et_pb_text][et_pb_text admin_label=&#8221;Text&#8221; _builder_version=&#8221;4.16&#8243; background_size=&#8221;initial&#8221; background_position=&#8221;top_left&#8221; background_repeat=&#8221;repeat&#8221; global_colors_info=&#8221;{}&#8221;]\n<p>Modzele to plackowate zrogowacenia koloru \u017c\u00f3\u0142tego powstaj\u0105ce na skutek przeci\u0105\u017cenia stopy, zmiany punkt\u00f3w podparcia stopy, p\u0142askostopia poprzecznego, zaniku pod\u015bci\u00f3\u0142ki t\u0142uszczowej, w przebiegu RZS-reumatoidalnego zapalenia staw\u00f3w. Powstaj\u0105ce zrogowacenie jest naturalnym odruchem obronnym sk\u00f3ry przed uciskiem. G\u0142\u00f3wnymi miejscami wyst\u0119powania modzeli s\u0105 pi\u0119ty, \u015br\u00f3dstopie, k\u0142\u0119by paluch\u00f3w. Stanowi\u0105 nie tylko problem estetyczny ale tak\u017ce dyskomfort w postaci pieczenia czy b\u00f3lu. \u015acinanie, \u015bcieranie tarkami czy pumexami nie rozwi\u0105zuje problemu, a wr\u0119cz przeciwnie prowadzi do zaostrzenia zmian.<\/p>\n[\/et_pb_text][\/et_pb_column][\/et_pb_row][et_pb_row _builder_version=&#8221;4.17.6&#8243; _module_preset=&#8221;default&#8221; column_structure=&#8221;1_3,1_3,1_3&#8243;][et_pb_column _builder_version=&#8221;4.17.6&#8243; _module_preset=&#8221;default&#8221; type=&#8221;1_3&#8243;][et_pb_image src=&#8221;https:\/\/podologmed.pl\/wp-content\/uploads\/2022\/08\/modzellll-1-rotated.jpg&#8221; _builder_version=&#8221;4.17.6&#8243; _module_preset=&#8221;default&#8221; theme_builder_area=&#8221;post_content&#8221; hover_enabled=&#8221;0&#8243; sticky_enabled=&#8221;0&#8243;][\/et_pb_image][\/et_pb_column][et_pb_column _builder_version=&#8221;4.17.6&#8243; _module_preset=&#8221;default&#8221; type=&#8221;1_3&#8243;][et_pb_image src=&#8221;https:\/\/podologmed.pl\/wp-content\/uploads\/2022\/08\/modzel-1-1.jpg&#8221; _builder_version=&#8221;4.17.6&#8243; _module_preset=&#8221;default&#8221; theme_builder_area=&#8221;post_content&#8221; hover_enabled=&#8221;0&#8243; sticky_enabled=&#8221;0&#8243;][\/et_pb_image][\/et_pb_column][et_pb_column _builder_version=&#8221;4.17.6&#8243; _module_preset=&#8221;default&#8221; type=&#8221;1_3&#8243;][et_pb_image src=&#8221;https:\/\/podologmed.pl\/wp-content\/uploads\/2022\/08\/modzel1-scaled.jpg&#8221; _builder_version=&#8221;4.17.6&#8243; _module_preset=&#8221;default&#8221; theme_builder_area=&#8221;post_content&#8221; hover_enabled=&#8221;0&#8243; sticky_enabled=&#8221;0&#8243;][\/et_pb_image][\/et_pb_column][\/et_pb_row][\/et_pb_section]","protected":false},"excerpt":{"rendered":"<p>Modzele Modzele to plackowate zrogowacenia koloru \u017c\u00f3\u0142tego powstaj\u0105ce na skutek przeci\u0105\u017cenia stopy, zmiany punkt\u00f3w podparcia stopy, p\u0142askostopia poprzecznego, zaniku pod\u015bci\u00f3\u0142ki t\u0142uszczowej, w przebiegu RZS-reumatoidalnego zapalenia staw\u00f3w. Powstaj\u0105ce zrogowacenie jest naturalnym odruchem obronnym sk\u00f3ry przed uciskiem. G\u0142\u00f3wnymi miejscami wyst\u0119powania modzeli s\u0105 pi\u0119ty, \u015br\u00f3dstopie, k\u0142\u0119by paluch\u00f3w. Stanowi\u0105 nie tylko problem estetyczny ale tak\u017ce dyskomfort w postaci pieczenia [&hellip;]<\/p>\n","protected":false},"author":1,"featured_media":0,"parent":0,"menu_order":0,"comment_status":"closed","ping_status":"closed","template":"","meta":{"_et_pb_use_builder":"on","_et_pb_old_content":"<!-- wp:paragraph -->\n<p>Modzele to plackowate zrogowacenia koloru \u017c\u00f3\u0142tego powstaj\u0105ce na skutek przeci\u0105\u017cenia stopy, zmiany punkt\u00f3w podparcia stopy, p\u0142askostopia poprzecznego, zaniku pod\u015bci\u00f3\u0142ki t\u0142uszczowej, w przebiegu RZS-reumatoidalnego zapalenia staw\u00f3w. Powstaj\u0105ce zrogowacenie jest naturalnym odruchem obronnym sk\u00f3ry przed uciskiem. G\u0142\u00f3wnymi miejscami wyst\u0119powania modzeli s\u0105 pi\u0119ty, \u015br\u00f3dstopie, k\u0142\u0119by paluch\u00f3w. Stanowi\u0105 nie tylko problem estetyczny ale tak\u017ce dyskomfort w postaci pieczenia czy b\u00f3lu. \u015acinanie, \u015bcieranie tarkami czy pumexami nie rozwi\u0105zuje problemu, a wr\u0119cz przeciwnie prowadzi do zaostrzenia zmian.<\/p>\n<!-- \/wp:paragraph -->","_et_gb_content_width":""},"_links":{"self":[{"href":"https:\/\/podologmed.pl\/index.php\/wp-json\/wp\/v2\/pages\/35"}],"collection":[{"href":"https:\/\/podologmed.pl\/index.php\/wp-json\/wp\/v2\/pages"}],"about":[{"href":"https:\/\/podologmed.pl\/index.php\/wp-json\/wp\/v2\/types\/page"}],"author":[{"embeddable":true,"href":"https:\/\/podologmed.pl\/index.php\/wp-json\/wp\/v2\/users\/1"}],"replies":[{"embeddable":true,"href":"https:\/\/podologmed.pl\/index.php\/wp-json\/wp\/v2\/comments?post=35"}],"version-history":[{"count":3,"href":"https:\/\/podologmed.pl\/index.php\/wp-json\/wp\/v2\/pages\/35\/revisions"}],"predecessor-version":[{"id":908,"href":"https:\/\/podologmed.pl\/index.php\/wp-json\/wp\/v2\/pages\/35\/revisions\/908"}],"wp:attachment":[{"href":"https:\/\/podologmed.pl\/index.php\/wp-json\/wp\/v2\/media?parent=35"}],"curies":[{"name":"wp","href":"https:\/\/api.w.org\/{rel}","templated":true}]}}