{"id":37,"date":"2022-05-15T17:09:58","date_gmt":"2022-05-15T15:09:58","guid":{"rendered":"http:\/\/mnqmhwm.cluster031.hosting.ovh.net\/?page_id=37"},"modified":"2022-08-14T19:38:03","modified_gmt":"2022-08-14T17:38:03","slug":"pekajace-piety","status":"publish","type":"page","link":"https:\/\/podologmed.pl\/index.php\/pekajace-piety\/","title":{"rendered":"P\u0118KAJ\u0104CE PI\u0118TY"},"content":{"rendered":"[et_pb_section fb_built=&#8221;1&#8243; admin_label=&#8221;section&#8221; _builder_version=&#8221;4.16&#8243; global_colors_info=&#8221;{}&#8221;][et_pb_row admin_label=&#8221;row&#8221; _builder_version=&#8221;4.16&#8243; background_size=&#8221;initial&#8221; background_position=&#8221;top_left&#8221; background_repeat=&#8221;repeat&#8221; global_colors_info=&#8221;{}&#8221;][et_pb_column type=&#8221;4_4&#8243; _builder_version=&#8221;4.16&#8243; custom_padding=&#8221;|||&#8221; global_colors_info=&#8221;{}&#8221; custom_padding__hover=&#8221;|||&#8221;][et_pb_text _builder_version=&#8221;4.17.6&#8243; _module_preset=&#8221;default&#8221; hover_enabled=&#8221;0&#8243; sticky_enabled=&#8221;0&#8243;]<h1>P\u0119kaj\u0105ce pi\u0119ty<\/h1>[\/et_pb_text][et_pb_text admin_label=&#8221;Text&#8221; _builder_version=&#8221;4.16&#8243; background_size=&#8221;initial&#8221; background_position=&#8221;top_left&#8221; background_repeat=&#8221;repeat&#8221; global_colors_info=&#8221;{}&#8221;]\n<p>P\u0119kaj\u0105cy nask\u00f3rek na pi\u0119tach to nie tylko problem estetyczny, ale r\u00f3wnie\u017c sygna\u0142 do rozwoju zmian patologicznych na sk\u00f3rze. Pocz\u0105tkowo zaczyna si\u0119 niewinnie, pojawiaj\u0105 si\u0119 powierzchowne p\u0119kni\u0119cia i sucho\u015b\u0107. Bierzemy tark\u0119 czy pumex i zaczynamy przygod\u0119 z pi\u0119tami, najpierw trzemy raz na dwa tyg, p\u00f3\u017aniej raz w tyg, a w konsekwencji docieramy do cz\u0119stotliwo\u015bci dzie\u0144 w dzie\u0144 i zamiast lepiej jest gorzej. W efekcie tych dzia\u0142a\u0144 dochodzi do powstanie rozpadlin czyli p\u0119kni\u0119\u0107 krwawych. Bolesno\u015b\u0107 pi\u0119t odczuwana z ka\u017cdym krokiem jest coraz wi\u0119ksza. Je\u015bli czytaj\u0105c to stwierdzasz, \u017ce podobnie jest u Ciebie to znaczy, \u017ce najwy\u017cszy czas na wizyt\u0119 u podologa!<br>Podczas konsultacji podolog oceni stan st\u00f3p oraz zaproponuje najlepszy spos\u00f3b leczenia, a regularne wizyty pomog\u0105 ustrzec nas przed b\u00f3lem i pope\u0142nieniem b\u0142\u0119d\u00f3w piel\u0119gnacyjnych w przysz\u0142o\u015bci.<\/p>\n[\/et_pb_text][\/et_pb_column][\/et_pb_row][et_pb_row _builder_version=&#8221;4.17.6&#8243; _module_preset=&#8221;default&#8221; column_structure=&#8221;1_3,1_3,1_3&#8243;][et_pb_column _builder_version=&#8221;4.17.6&#8243; _module_preset=&#8221;default&#8221; type=&#8221;1_3&#8243;][et_pb_image src=&#8221;https:\/\/podologmed.pl\/wp-content\/uploads\/2022\/08\/pe\u0328k-rotated.jpg&#8221; _builder_version=&#8221;4.17.6&#8243; _module_preset=&#8221;default&#8221; theme_builder_area=&#8221;post_content&#8221; hover_enabled=&#8221;0&#8243; sticky_enabled=&#8221;0&#8243;][\/et_pb_image][\/et_pb_column][et_pb_column _builder_version=&#8221;4.17.6&#8243; _module_preset=&#8221;default&#8221; type=&#8221;1_3&#8243;][et_pb_image src=&#8221;https:\/\/podologmed.pl\/wp-content\/uploads\/2022\/08\/pekaj-rotated.jpg&#8221; _builder_version=&#8221;4.17.6&#8243; _module_preset=&#8221;default&#8221; theme_builder_area=&#8221;post_content&#8221; hover_enabled=&#8221;0&#8243; sticky_enabled=&#8221;0&#8243;][\/et_pb_image][\/et_pb_column][et_pb_column _builder_version=&#8221;4.17.6&#8243; _module_preset=&#8221;default&#8221; type=&#8221;1_3&#8243;][et_pb_image src=&#8221;https:\/\/podologmed.pl\/wp-content\/uploads\/2022\/08\/pe\u0328kaja\u0328ce-pie\u0328tki-scaled.jpg&#8221; _builder_version=&#8221;4.17.6&#8243; _module_preset=&#8221;default&#8221; theme_builder_area=&#8221;post_content&#8221; hover_enabled=&#8221;0&#8243; sticky_enabled=&#8221;0&#8243;][\/et_pb_image][\/et_pb_column][\/et_pb_row][\/et_pb_section]","protected":false},"excerpt":{"rendered":"<p>P\u0119kaj\u0105ce pi\u0119ty P\u0119kaj\u0105cy nask\u00f3rek na pi\u0119tach to nie tylko problem estetyczny, ale r\u00f3wnie\u017c sygna\u0142 do rozwoju zmian patologicznych na sk\u00f3rze. Pocz\u0105tkowo zaczyna si\u0119 niewinnie, pojawiaj\u0105 si\u0119 powierzchowne p\u0119kni\u0119cia i sucho\u015b\u0107. Bierzemy tark\u0119 czy pumex i zaczynamy przygod\u0119 z pi\u0119tami, najpierw trzemy raz na dwa tyg, p\u00f3\u017aniej raz w tyg, a w konsekwencji docieramy do cz\u0119stotliwo\u015bci [&hellip;]<\/p>\n","protected":false},"author":1,"featured_media":0,"parent":0,"menu_order":0,"comment_status":"closed","ping_status":"closed","template":"","meta":{"_et_pb_use_builder":"on","_et_pb_old_content":"<!-- wp:paragraph -->\n<p>P\u0119kaj\u0105cy nask\u00f3rek na pi\u0119tach to nie tylko problem estetyczny, ale r\u00f3wnie\u017c sygna\u0142 do rozwoju zmian patologicznych na sk\u00f3rze. Pocz\u0105tkowo zaczyna si\u0119 niewinnie, pojawiaj\u0105 si\u0119 powierzchowne p\u0119kni\u0119cia i sucho\u015b\u0107. Bierzemy tark\u0119 czy pumex i zaczynamy przygod\u0119 z pi\u0119tami, najpierw trzemy raz na dwa tyg, p\u00f3\u017aniej raz w tyg, a w konsekwencji docieramy do cz\u0119stotliwo\u015bci dzie\u0144 w dzie\u0144 i zamiast lepiej jest gorzej. W efekcie tych dzia\u0142a\u0144 dochodzi do powstanie rozpadlin czyli p\u0119kni\u0119\u0107 krwawych. Bolesno\u015b\u0107 pi\u0119t odczuwana z ka\u017cdym krokiem jest coraz wi\u0119ksza. Je\u015bli czytaj\u0105c to stwierdzasz, \u017ce podobnie jest u Ciebie to znaczy, \u017ce najwy\u017cszy czas na wizyt\u0119 u podologa!<br>Podczas konsultacji podolog oceni stan st\u00f3p oraz zaproponuje najlepszy spos\u00f3b leczenia, a regularne wizyty pomog\u0105 ustrzec nas przed b\u00f3lem i pope\u0142nieniem b\u0142\u0119d\u00f3w piel\u0119gnacyjnych w przysz\u0142o\u015bci.<\/p>\n<!-- \/wp:paragraph -->","_et_gb_content_width":""},"_links":{"self":[{"href":"https:\/\/podologmed.pl\/index.php\/wp-json\/wp\/v2\/pages\/37"}],"collection":[{"href":"https:\/\/podologmed.pl\/index.php\/wp-json\/wp\/v2\/pages"}],"about":[{"href":"https:\/\/podologmed.pl\/index.php\/wp-json\/wp\/v2\/types\/page"}],"author":[{"embeddable":true,"href":"https:\/\/podologmed.pl\/index.php\/wp-json\/wp\/v2\/users\/1"}],"replies":[{"embeddable":true,"href":"https:\/\/podologmed.pl\/index.php\/wp-json\/wp\/v2\/comments?post=37"}],"version-history":[{"count":3,"href":"https:\/\/podologmed.pl\/index.php\/wp-json\/wp\/v2\/pages\/37\/revisions"}],"predecessor-version":[{"id":923,"href":"https:\/\/podologmed.pl\/index.php\/wp-json\/wp\/v2\/pages\/37\/revisions\/923"}],"wp:attachment":[{"href":"https:\/\/podologmed.pl\/index.php\/wp-json\/wp\/v2\/media?parent=37"}],"curies":[{"name":"wp","href":"https:\/\/api.w.org\/{rel}","templated":true}]}}