{"id":87,"date":"2022-05-22T18:13:15","date_gmt":"2022-05-22T16:13:15","guid":{"rendered":"https:\/\/podologmed.pl\/?page_id=87"},"modified":"2022-08-08T23:22:19","modified_gmt":"2022-08-08T21:22:19","slug":"grzybica-skory-i-paznokci","status":"publish","type":"page","link":"https:\/\/podologmed.pl\/index.php\/grzybica-skory-i-paznokci\/","title":{"rendered":"GRZYBICA SK\u00d3RY I PAZNOKCI"},"content":{"rendered":"[et_pb_section fb_built=&#8221;1&#8243; admin_label=&#8221;section&#8221; _builder_version=&#8221;4.16&#8243; global_colors_info=&#8221;{}&#8221;][et_pb_row admin_label=&#8221;row&#8221; _builder_version=&#8221;4.16&#8243; background_size=&#8221;initial&#8221; background_position=&#8221;top_left&#8221; background_repeat=&#8221;repeat&#8221; global_colors_info=&#8221;{}&#8221;][et_pb_column type=&#8221;4_4&#8243; _builder_version=&#8221;4.16&#8243; custom_padding=&#8221;|||&#8221; global_colors_info=&#8221;{}&#8221; custom_padding__hover=&#8221;|||&#8221;][et_pb_text _builder_version=&#8221;4.17.6&#8243; _module_preset=&#8221;default&#8221; global_colors_info=&#8221;{}&#8221;]<h1>Grzybica st\u00f3p i paznokci<\/h1>[\/et_pb_text][et_pb_text admin_label=&#8221;Text&#8221; _builder_version=&#8221;4.16&#8243; background_size=&#8221;initial&#8221; background_position=&#8221;top_left&#8221; background_repeat=&#8221;repeat&#8221; min_height=&#8221;554px&#8221; global_colors_info=&#8221;{}&#8221; custom_margin=&#8221;||-101px|||&#8221;]\n<p>Grzybica sk\u00f3ry i paznokci to problem do dzi\u015b bardzo wstydliwy, ale do\u015b\u0107 powszechny. Najcz\u0119stszymi objawami na sk\u00f3rze s\u0105 \u015bwi\u0105d, maceracja, z\u0142uszczanie, p\u0119kanie nask\u00f3rka, a w postaci ci\u0119\u017ckiej wyst\u0119puj\u0105 ogniska rumieniowe z nadmiernym rogowaceniem.&nbsp; Na infekcje nara\u017cone s\u0105 osoby korzystaj\u0105ce z pomieszcze\u0144 u\u017cyteczno\u015bci publicznej takich jak: baseny, sauny, szatnie, natryski,&nbsp; hotele. Cz\u0119sto problem dotyka r\u00f3wnie\u017c osoby nosz\u0105ce ci\u0119\u017ckie, okluzyjne robocze obuwie oraz sportowc\u00f3w kt\u00f3rych stopa nara\u017cona jest na silne pocenie.<\/p>\n\n\n\n<p>Najcz\u0119\u015bciej spotykan\u0105 grzybic\u0105 w gabinecie podologicznym jest grzybica mi\u0119dzypalcowa. W przestrzeniach mi\u0119dzypalcowych dochodzi do maceracji, z\u0142uszczania i p\u0119kania nask\u00f3rka a\u017c do krwi. W przypadku zbagatelizowania zmian, ma ona tendencj\u0119 do rozprzestrzenienia na palce i podeszw\u0119 st\u00f3p. Nierzadko dochodzi do zainfekowania p\u0142ytek paznokciowych, kt\u00f3re staj\u0105 si\u0119 zgrubia\u0142e, kruche, rozwarstwiaj\u0105 si\u0119, cz\u0119sto zmieniaj\u0105 kolor na \u017c\u00f3\u0142tawy lub br\u0105zowy.<\/p>\n\n\n\n<p>Leczenie lekami doustnymi nie zawsze przynosi efekty. Cz\u0119sto terapie dermatologiczne nie przynosz\u0105 wymiernych korzy\u015bci. W gabinecie podologicznym uzyskaj\u0105 Pa\u0144stwo pomoc w zakresie zar\u00f3wno leczenia jak i profilaktyki przeciwgrzybiczej.&nbsp;<\/p>\n\n\n\n<p>Ka\u017cdy zabieg poprzedza konsultacja pedologiczna, podczas kt\u00f3rej specjalista podolog prowadzi rozpoznanie oraz dobiera indywidualnie do ka\u017cdego pacjenta jak najlepszy spos\u00f3b leczenia.&nbsp;<\/p>\n[\/et_pb_text][\/et_pb_column][\/et_pb_row][\/et_pb_section][et_pb_section fb_built=&#8221;1&#8243; _builder_version=&#8221;4.17.6&#8243; _module_preset=&#8221;default&#8221; global_colors_info=&#8221;{}&#8221; custom_margin=&#8221;-129px|||||&#8221; min_height=&#8221;513px&#8221; custom_padding=&#8221;0px|||||&#8221;][et_pb_row column_structure=&#8221;1_2,1_2&#8243; _builder_version=&#8221;4.17.6&#8243; _module_preset=&#8221;default&#8221; global_colors_info=&#8221;{}&#8221;][et_pb_column type=&#8221;1_2&#8243; _builder_version=&#8221;4.17.6&#8243; _module_preset=&#8221;default&#8221; global_colors_info=&#8221;{}&#8221;][et_pb_image src=&#8221;https:\/\/podologmed.pl\/wp-content\/uploads\/2022\/08\/grzyb-miedzypalcowa-scaled.jpg&#8221; _builder_version=&#8221;4.17.6&#8243; _module_preset=&#8221;default&#8221; global_colors_info=&#8221;{}&#8221;][\/et_pb_image][\/et_pb_column][et_pb_column type=&#8221;1_2&#8243; _builder_version=&#8221;4.17.6&#8243; _module_preset=&#8221;default&#8221; global_colors_info=&#8221;{}&#8221;][et_pb_image src=&#8221;https:\/\/podologmed.pl\/wp-content\/uploads\/2022\/08\/grzybica-paznokci-scaled.jpg&#8221; _builder_version=&#8221;4.17.6&#8243; _module_preset=&#8221;default&#8221; global_colors_info=&#8221;{}&#8221;][\/et_pb_image][\/et_pb_column][\/et_pb_row][\/et_pb_section]","protected":false},"excerpt":{"rendered":"<p>Grzybica st\u00f3p i paznokci Grzybica sk\u00f3ry i paznokci to problem do dzi\u015b bardzo wstydliwy, ale do\u015b\u0107 powszechny. Najcz\u0119stszymi objawami na sk\u00f3rze s\u0105 \u015bwi\u0105d, maceracja, z\u0142uszczanie, p\u0119kanie nask\u00f3rka, a w postaci ci\u0119\u017ckiej wyst\u0119puj\u0105 ogniska rumieniowe z nadmiernym rogowaceniem.&nbsp; Na infekcje nara\u017cone s\u0105 osoby korzystaj\u0105ce z pomieszcze\u0144 u\u017cyteczno\u015bci publicznej takich jak: baseny, sauny, szatnie, natryski,&nbsp; hotele. Cz\u0119sto [&hellip;]<\/p>\n","protected":false},"author":3,"featured_media":0,"parent":0,"menu_order":0,"comment_status":"closed","ping_status":"closed","template":"","meta":{"_et_pb_use_builder":"on","_et_pb_old_content":"<!-- wp:paragraph -->\n<p>Grzybica sk\u00f3ry i paznokci to problem do dzi\u015b bardzo wstydliwy, ale do\u015b\u0107 powszechny. Najcz\u0119stszymi objawami na sk\u00f3rze s\u0105 \u015bwi\u0105d, maceracja, z\u0142uszczanie, p\u0119kanie nask\u00f3rka, a w postaci ci\u0119\u017ckiej wyst\u0119puj\u0105 ogniska rumieniowe z nadmiernym rogowaceniem.&nbsp; Na infekcje nara\u017cone s\u0105 osoby korzystaj\u0105ce z pomieszcze\u0144 u\u017cyteczno\u015bci publicznej takich jak: baseny, sauny, szatnie, natryski,&nbsp; hotele. Cz\u0119sto problem dotyka r\u00f3wnie\u017c osoby nosz\u0105ce ci\u0119\u017ckie, okluzyjne robocze obuwie oraz sportowc\u00f3w kt\u00f3rych stopa nara\u017cona jest na silne pocenie.<\/p>\n<!-- \/wp:paragraph -->\n\n<!-- wp:paragraph -->\n<p>Najcz\u0119\u015bciej spotykan\u0105 grzybic\u0105 w gabinecie podologicznym jest grzybica mi\u0119dzypalcowa. W przestrzeniach mi\u0119dzypalcowych dochodzi do maceracji, z\u0142uszczania i p\u0119kania nask\u00f3rka a\u017c do krwi. W przypadku zbagatelizowania zmian, ma ona tendencj\u0119 do rozprzestrzenienia na palce i podeszw\u0119 st\u00f3p. Nierzadko dochodzi do zainfekowania p\u0142ytek paznokciowych, kt\u00f3re staj\u0105 si\u0119 zgrubia\u0142e, kruche, rozwarstwiaj\u0105 si\u0119, cz\u0119sto zmieniaj\u0105 kolor na \u017c\u00f3\u0142tawy lub br\u0105zowy.<\/p>\n<!-- \/wp:paragraph -->\n\n<!-- wp:paragraph -->\n<p>Leczenie lekami doustnymi nie zawsze przynosi efekty. Cz\u0119sto terapie dermatologiczne nie przynosz\u0105 wymiernych korzy\u015bci. W gabinecie podologicznym uzyskaj\u0105 Pa\u0144stwo pomoc w zakresie zar\u00f3wno leczenia jak i profilaktyki przeciwgrzybiczej.&nbsp;<\/p>\n<!-- \/wp:paragraph -->\n\n<!-- wp:paragraph -->\n<p>Ka\u017cdy zabieg poprzedza konsultacja pedologiczna, podczas kt\u00f3rej specjalista podolog prowadzi rozpoznanie oraz dobiera indywidualnie do ka\u017cdego pacjenta jak najlepszy spos\u00f3b leczenia.&nbsp;<\/p>\n<!-- \/wp:paragraph -->","_et_gb_content_width":""},"_links":{"self":[{"href":"https:\/\/podologmed.pl\/index.php\/wp-json\/wp\/v2\/pages\/87"}],"collection":[{"href":"https:\/\/podologmed.pl\/index.php\/wp-json\/wp\/v2\/pages"}],"about":[{"href":"https:\/\/podologmed.pl\/index.php\/wp-json\/wp\/v2\/types\/page"}],"author":[{"embeddable":true,"href":"https:\/\/podologmed.pl\/index.php\/wp-json\/wp\/v2\/users\/3"}],"replies":[{"embeddable":true,"href":"https:\/\/podologmed.pl\/index.php\/wp-json\/wp\/v2\/comments?post=87"}],"version-history":[{"count":3,"href":"https:\/\/podologmed.pl\/index.php\/wp-json\/wp\/v2\/pages\/87\/revisions"}],"predecessor-version":[{"id":448,"href":"https:\/\/podologmed.pl\/index.php\/wp-json\/wp\/v2\/pages\/87\/revisions\/448"}],"wp:attachment":[{"href":"https:\/\/podologmed.pl\/index.php\/wp-json\/wp\/v2\/media?parent=87"}],"curies":[{"name":"wp","href":"https:\/\/api.w.org\/{rel}","templated":true}]}}