{"id":89,"date":"2022-05-22T18:13:40","date_gmt":"2022-05-22T16:13:40","guid":{"rendered":"https:\/\/podologmed.pl\/?page_id=89"},"modified":"2022-08-14T19:16:03","modified_gmt":"2022-08-14T17:16:03","slug":"luszczyca","status":"publish","type":"page","link":"https:\/\/podologmed.pl\/index.php\/luszczyca\/","title":{"rendered":"\u0141USZCZYCA"},"content":{"rendered":"[et_pb_section fb_built=&#8221;1&#8243; admin_label=&#8221;section&#8221; _builder_version=&#8221;4.16&#8243; global_colors_info=&#8221;{}&#8221;][et_pb_row admin_label=&#8221;row&#8221; _builder_version=&#8221;4.16&#8243; background_size=&#8221;initial&#8221; background_position=&#8221;top_left&#8221; background_repeat=&#8221;repeat&#8221; global_colors_info=&#8221;{}&#8221;][et_pb_column type=&#8221;4_4&#8243; _builder_version=&#8221;4.16&#8243; custom_padding=&#8221;|||&#8221; global_colors_info=&#8221;{}&#8221; custom_padding__hover=&#8221;|||&#8221;][et_pb_text _builder_version=&#8221;4.17.6&#8243; _module_preset=&#8221;default&#8221; hover_enabled=&#8221;0&#8243; sticky_enabled=&#8221;0&#8243;]<h1>\u0141uszczyca<\/h1>[\/et_pb_text][et_pb_text admin_label=&#8221;Text&#8221; _builder_version=&#8221;4.16&#8243; background_size=&#8221;initial&#8221; background_position=&#8221;top_left&#8221; background_repeat=&#8221;repeat&#8221; global_colors_info=&#8221;{}&#8221;]\n<p>\u0141uszczyca jest jednym z najcz\u0119stszych schorze\u0144 sk\u00f3ry uwarunkowanym genetycznie. Ma ona przewlek\u0142y i nawrotowy przebieg. Choroba ma posta\u0107 z\u0142uszczaj\u0105cych si\u0119 wykwit\u00f3w w postaci grudek lub \u0142usek, kt\u00f3re ust\u0119puj\u0105 bez pozostawienia \u015bladu. Zmiany mog\u0105 pojawia\u0107 si\u0119 w r\u00f3\u017cnych cz\u0119\u015bciach cia\u0142a. Cz\u0119sto pierwszym objawem \u0142uszczycy s\u0105 zmiany w obr\u0119bie p\u0142ytki paznokciowej zar\u00f3wno&nbsp; d\u0142oni jak i st\u00f3p.&nbsp; Paznokcie przybieraj\u0105 \u017c\u00f3\u0142tawe zabarwienie, staj\u0105 si\u0119 zgrubia\u0142e i zrogowacia\u0142e. P\u0142ytki paznokciowe ulegaj\u0105 wg\u0142\u0119bieniu i pobruzdowieniu. Sk\u00f3ra st\u00f3p pokryta jest licznymi \u0142uskami, bardzo wysuszona, cz\u0119sto wyst\u0119puj\u0105 p\u0119kni\u0119cia a\u017c do krwi.<\/p>\n\n\n\n<p>W przypadku potwierdzenia \u0142uszczycy, pacjent mo\u017ce uzyska\u0107 pomoc w gabinecie podologicznym.&nbsp; Poniewa\u017c choroby \u0142uszczycowej nie da si\u0119 wyleczy\u0107 lecz tylko zaleczy\u0107, wskazane s\u0105 regularne wizyty w gabinecie podologicznym w celu utrzymania dobrej kondycji sk\u00f3ry st\u00f3p. Dzi\u0119ki zabiegom wykonywanym w gabinecie podologicznym zmiany na stopach s\u0105 usuwane , a&nbsp; odpowiednia terapia w domu przy pomocy specjalistycznych preparat\u00f3w pozwala osi\u0105gn\u0105\u0107 lepsze rezultaty. Sk\u00f3ra jest bardziej elastyczna i mniej wysuszona, co poprawia komfort \u017cycia pacjenta.<\/p>\n\n\n\n<p>Je\u015bli natomiast zmiany dotycz\u0105 paznokci podolog mo\u017ce oszlifowa\u0107 i wyg\u0142adzi\u0107 p\u0142ytki paznokciowe, a w przypadku braku cz\u0119\u015bci paznokci wykona\u0107 ich rekonstrukcj\u0119.&nbsp;<\/p>\n[\/et_pb_text][\/et_pb_column][\/et_pb_row][et_pb_row _builder_version=&#8221;4.17.6&#8243; _module_preset=&#8221;default&#8221; column_structure=&#8221;1_3,1_3,1_3&#8243;][et_pb_column _builder_version=&#8221;4.17.6&#8243; _module_preset=&#8221;default&#8221; type=&#8221;1_3&#8243;][et_pb_image src=&#8221;https:\/\/podologmed.pl\/wp-content\/uploads\/2022\/08\/Luszczyca-scaled.jpg&#8221; _builder_version=&#8221;4.17.6&#8243; _module_preset=&#8221;default&#8221; theme_builder_area=&#8221;post_content&#8221; hover_enabled=&#8221;0&#8243; sticky_enabled=&#8221;0&#8243;][\/et_pb_image][\/et_pb_column][et_pb_column _builder_version=&#8221;4.17.6&#8243; _module_preset=&#8221;default&#8221; type=&#8221;1_3&#8243;][et_pb_image src=&#8221;https:\/\/podologmed.pl\/wp-content\/uploads\/2022\/08\/Luszczyca1-scaled.jpg&#8221; _builder_version=&#8221;4.17.6&#8243; _module_preset=&#8221;default&#8221; theme_builder_area=&#8221;post_content&#8221; hover_enabled=&#8221;0&#8243; sticky_enabled=&#8221;0&#8243;][\/et_pb_image][\/et_pb_column][et_pb_column _builder_version=&#8221;4.17.6&#8243; _module_preset=&#8221;default&#8221; type=&#8221;1_3&#8243;][et_pb_image src=&#8221;https:\/\/podologmed.pl\/wp-content\/uploads\/2022\/08\/luszczyca-222-scaled.jpg&#8221; _builder_version=&#8221;4.17.6&#8243; _module_preset=&#8221;default&#8221; theme_builder_area=&#8221;post_content&#8221; hover_enabled=&#8221;0&#8243; sticky_enabled=&#8221;0&#8243;][\/et_pb_image][\/et_pb_column][\/et_pb_row][\/et_pb_section]","protected":false},"excerpt":{"rendered":"<p>\u0141uszczyca \u0141uszczyca jest jednym z najcz\u0119stszych schorze\u0144 sk\u00f3ry uwarunkowanym genetycznie. Ma ona przewlek\u0142y i nawrotowy przebieg. Choroba ma posta\u0107 z\u0142uszczaj\u0105cych si\u0119 wykwit\u00f3w w postaci grudek lub \u0142usek, kt\u00f3re ust\u0119puj\u0105 bez pozostawienia \u015bladu. Zmiany mog\u0105 pojawia\u0107 si\u0119 w r\u00f3\u017cnych cz\u0119\u015bciach cia\u0142a. Cz\u0119sto pierwszym objawem \u0142uszczycy s\u0105 zmiany w obr\u0119bie p\u0142ytki paznokciowej zar\u00f3wno&nbsp; d\u0142oni jak i st\u00f3p.&nbsp; [&hellip;]<\/p>\n","protected":false},"author":3,"featured_media":0,"parent":0,"menu_order":0,"comment_status":"closed","ping_status":"closed","template":"","meta":{"_et_pb_use_builder":"on","_et_pb_old_content":"<!-- wp:paragraph -->\n<p>\u0141uszczyca jest jednym z najcz\u0119stszych schorze\u0144 sk\u00f3ry uwarunkowanym genetycznie. Ma ona przewlek\u0142y i nawrotowy przebieg. Choroba ma posta\u0107 z\u0142uszczaj\u0105cych si\u0119 wykwit\u00f3w w postaci grudek lub \u0142usek, kt\u00f3re ust\u0119puj\u0105 bez pozostawienia \u015bladu. Zmiany mog\u0105 pojawia\u0107 si\u0119 w r\u00f3\u017cnych cz\u0119\u015bciach cia\u0142a. Cz\u0119sto pierwszym objawem \u0142uszczycy s\u0105 zmiany w obr\u0119bie p\u0142ytki paznokciowej zar\u00f3wno&nbsp; d\u0142oni jak i st\u00f3p.&nbsp; Paznokcie przybieraj\u0105 \u017c\u00f3\u0142tawe zabarwienie, staj\u0105 si\u0119 zgrubia\u0142e i zrogowacia\u0142e. P\u0142ytki paznokciowe ulegaj\u0105 wg\u0142\u0119bieniu i pobruzdowieniu. Sk\u00f3ra st\u00f3p pokryta jest licznymi \u0142uskami, bardzo wysuszona, cz\u0119sto wyst\u0119puj\u0105 p\u0119kni\u0119cia a\u017c do krwi.<\/p>\n<!-- \/wp:paragraph -->\n\n<!-- wp:paragraph -->\n<p>W przypadku potwierdzenia \u0142uszczycy, pacjent mo\u017ce uzyska\u0107 pomoc w gabinecie podologicznym.&nbsp; Poniewa\u017c choroby \u0142uszczycowej nie da si\u0119 wyleczy\u0107 lecz tylko zaleczy\u0107, wskazane s\u0105 regularne wizyty w gabinecie podologicznym w celu utrzymania dobrej kondycji sk\u00f3ry st\u00f3p. Dzi\u0119ki zabiegom wykonywanym w gabinecie podologicznym zmiany na stopach s\u0105 usuwane , a&nbsp; odpowiednia terapia w domu przy pomocy specjalistycznych preparat\u00f3w pozwala osi\u0105gn\u0105\u0107 lepsze rezultaty. Sk\u00f3ra jest bardziej elastyczna i mniej wysuszona, co poprawia komfort \u017cycia pacjenta.<\/p>\n<!-- \/wp:paragraph -->\n\n<!-- wp:paragraph -->\n<p>Je\u015bli natomiast zmiany dotycz\u0105 paznokci podolog mo\u017ce oszlifowa\u0107 i wyg\u0142adzi\u0107 p\u0142ytki paznokciowe, a w przypadku braku cz\u0119\u015bci paznokci wykona\u0107 ich rekonstrukcj\u0119.&nbsp;<\/p>\n<!-- \/wp:paragraph -->","_et_gb_content_width":""},"_links":{"self":[{"href":"https:\/\/podologmed.pl\/index.php\/wp-json\/wp\/v2\/pages\/89"}],"collection":[{"href":"https:\/\/podologmed.pl\/index.php\/wp-json\/wp\/v2\/pages"}],"about":[{"href":"https:\/\/podologmed.pl\/index.php\/wp-json\/wp\/v2\/types\/page"}],"author":[{"embeddable":true,"href":"https:\/\/podologmed.pl\/index.php\/wp-json\/wp\/v2\/users\/3"}],"replies":[{"embeddable":true,"href":"https:\/\/podologmed.pl\/index.php\/wp-json\/wp\/v2\/comments?post=89"}],"version-history":[{"count":3,"href":"https:\/\/podologmed.pl\/index.php\/wp-json\/wp\/v2\/pages\/89\/revisions"}],"predecessor-version":[{"id":903,"href":"https:\/\/podologmed.pl\/index.php\/wp-json\/wp\/v2\/pages\/89\/revisions\/903"}],"wp:attachment":[{"href":"https:\/\/podologmed.pl\/index.php\/wp-json\/wp\/v2\/media?parent=89"}],"curies":[{"name":"wp","href":"https:\/\/api.w.org\/{rel}","templated":true}]}}