{"id":91,"date":"2022-05-22T18:14:47","date_gmt":"2022-05-22T16:14:47","guid":{"rendered":"https:\/\/podologmed.pl\/?page_id=91"},"modified":"2022-08-14T19:55:43","modified_gmt":"2022-08-14T17:55:43","slug":"przerost-paznokci-onychogryphosis","status":"publish","type":"page","link":"https:\/\/podologmed.pl\/index.php\/przerost-paznokci-onychogryphosis\/","title":{"rendered":"PRZEROST PAZNOKCI (onychogryphosis)"},"content":{"rendered":"[et_pb_section fb_built=&#8221;1&#8243; admin_label=&#8221;section&#8221; _builder_version=&#8221;4.16&#8243; global_colors_info=&#8221;{}&#8221;][et_pb_row admin_label=&#8221;row&#8221; _builder_version=&#8221;4.16&#8243; background_size=&#8221;initial&#8221; background_position=&#8221;top_left&#8221; background_repeat=&#8221;repeat&#8221; global_colors_info=&#8221;{}&#8221;][et_pb_column type=&#8221;4_4&#8243; _builder_version=&#8221;4.16&#8243; custom_padding=&#8221;|||&#8221; global_colors_info=&#8221;{}&#8221; custom_padding__hover=&#8221;|||&#8221;][et_pb_text _builder_version=&#8221;4.17.6&#8243; _module_preset=&#8221;default&#8221; hover_enabled=&#8221;0&#8243; sticky_enabled=&#8221;0&#8243;]<h1>Przerost Paznokci<\/h1>[\/et_pb_text][et_pb_text admin_label=&#8221;Text&#8221; _builder_version=&#8221;4.16&#8243; background_size=&#8221;initial&#8221; background_position=&#8221;top_left&#8221; background_repeat=&#8221;repeat&#8221; global_colors_info=&#8221;{}&#8221;]\n<p>Onychogryfoza (\u0142ac. onychogryphosis) to przerost p\u0142ytki paznokciowej na skutek stan\u00f3w zapalnych \u0142o\u017cyska, uraz\u00f3w mechanicznych, niedokrwienia, przyjmowanych lek\u00f3w lub istniej\u0105cych chor\u00f3b. Zgrubia\u0142e, zdeformowane ,twarde, a zarazem kruche paznokcie staj\u0105 si\u0119 niemo\u017cliwe do obci\u0119cia w domu. Cz\u0119sto problem ten dotyka os\u00f3b starszych. Obci\u0119cie i oszlifowanie takich paznokci w gabinecie podologicznym nie stanowi \u017cadnego problemu. Wizyty co kilka miesi\u0119cy powinny wystarczy\u0107\u00a0 by utrzyma\u0107 paznokcie w dobrym stanie z uwagi na ich spowolniony wzrost.<\/p>\n[\/et_pb_text][\/et_pb_column][\/et_pb_row][et_pb_row _builder_version=&#8221;4.17.6&#8243; _module_preset=&#8221;default&#8221; column_structure=&#8221;1_3,1_3,1_3&#8243;][et_pb_column _builder_version=&#8221;4.17.6&#8243; _module_preset=&#8221;default&#8221; type=&#8221;1_3&#8243;][et_pb_image src=&#8221;https:\/\/podologmed.pl\/wp-content\/uploads\/2022\/08\/20200917_103537-scaled.jpg&#8221; _builder_version=&#8221;4.17.6&#8243; _module_preset=&#8221;default&#8221; theme_builder_area=&#8221;post_content&#8221; hover_enabled=&#8221;0&#8243; sticky_enabled=&#8221;0&#8243;][\/et_pb_image][\/et_pb_column][et_pb_column _builder_version=&#8221;4.17.6&#8243; _module_preset=&#8221;default&#8221; type=&#8221;1_3&#8243;][et_pb_image src=&#8221;https:\/\/podologmed.pl\/wp-content\/uploads\/2022\/08\/pazn-szpon2-scaled.jpg&#8221; _builder_version=&#8221;4.17.6&#8243; _module_preset=&#8221;default&#8221; theme_builder_area=&#8221;post_content&#8221; hover_enabled=&#8221;0&#8243; sticky_enabled=&#8221;0&#8243;][\/et_pb_image][\/et_pb_column][et_pb_column _builder_version=&#8221;4.17.6&#8243; _module_preset=&#8221;default&#8221; type=&#8221;1_3&#8243;][et_pb_image src=&#8221;https:\/\/podologmed.pl\/wp-content\/uploads\/2022\/08\/szponiaste-paz-scaled.jpg&#8221; _builder_version=&#8221;4.17.6&#8243; _module_preset=&#8221;default&#8221; theme_builder_area=&#8221;post_content&#8221; hover_enabled=&#8221;0&#8243; sticky_enabled=&#8221;0&#8243;][\/et_pb_image][\/et_pb_column][\/et_pb_row][\/et_pb_section]","protected":false},"excerpt":{"rendered":"<p>Przerost Paznokci Onychogryfoza (\u0142ac. onychogryphosis) to przerost p\u0142ytki paznokciowej na skutek stan\u00f3w zapalnych \u0142o\u017cyska, uraz\u00f3w mechanicznych, niedokrwienia, przyjmowanych lek\u00f3w lub istniej\u0105cych chor\u00f3b. Zgrubia\u0142e, zdeformowane ,twarde, a zarazem kruche paznokcie staj\u0105 si\u0119 niemo\u017cliwe do obci\u0119cia w domu. Cz\u0119sto problem ten dotyka os\u00f3b starszych. Obci\u0119cie i oszlifowanie takich paznokci w gabinecie podologicznym nie stanowi \u017cadnego problemu. Wizyty [&hellip;]<\/p>\n","protected":false},"author":3,"featured_media":0,"parent":0,"menu_order":0,"comment_status":"closed","ping_status":"closed","template":"","meta":{"_et_pb_use_builder":"on","_et_pb_old_content":"<!-- wp:paragraph -->\n<p>Onychogryfoza (\u0142ac. onychogryphosis) to przerost p\u0142ytki paznokciowej na skutek stan\u00f3w zapalnych \u0142o\u017cyska, uraz\u00f3w mechanicznych, niedokrwienia, przyjmowanych lek\u00f3w lub istniej\u0105cych chor\u00f3b. Zgrubia\u0142e, zdeformowane ,twarde, a zarazem kruche paznokcie staj\u0105 si\u0119 niemo\u017cliwe do obci\u0119cia w domu. Cz\u0119sto problem ten dotyka os\u00f3b starszych. Obci\u0119cie i oszlifowanie takich paznokci w gabinecie podologicznym nie stanowi \u017cadnego problemu. Wizyty co kilka miesi\u0119cy powinny wystarczy\u0107\u00a0 by utrzyma\u0107 paznokcie w dobrym stanie z uwagi na ich spowolniony wzrost.<\/p>\n<!-- \/wp:paragraph -->","_et_gb_content_width":""},"_links":{"self":[{"href":"https:\/\/podologmed.pl\/index.php\/wp-json\/wp\/v2\/pages\/91"}],"collection":[{"href":"https:\/\/podologmed.pl\/index.php\/wp-json\/wp\/v2\/pages"}],"about":[{"href":"https:\/\/podologmed.pl\/index.php\/wp-json\/wp\/v2\/types\/page"}],"author":[{"embeddable":true,"href":"https:\/\/podologmed.pl\/index.php\/wp-json\/wp\/v2\/users\/3"}],"replies":[{"embeddable":true,"href":"https:\/\/podologmed.pl\/index.php\/wp-json\/wp\/v2\/comments?post=91"}],"version-history":[{"count":3,"href":"https:\/\/podologmed.pl\/index.php\/wp-json\/wp\/v2\/pages\/91\/revisions"}],"predecessor-version":[{"id":930,"href":"https:\/\/podologmed.pl\/index.php\/wp-json\/wp\/v2\/pages\/91\/revisions\/930"}],"wp:attachment":[{"href":"https:\/\/podologmed.pl\/index.php\/wp-json\/wp\/v2\/media?parent=91"}],"curies":[{"name":"wp","href":"https:\/\/api.w.org\/{rel}","templated":true}]}}