{"id":93,"date":"2022-05-22T18:15:10","date_gmt":"2022-05-22T16:15:10","guid":{"rendered":"https:\/\/podologmed.pl\/?page_id=93"},"modified":"2022-08-14T20:12:39","modified_gmt":"2022-08-14T18:12:39","slug":"rekonstrukcja-paznokci","status":"publish","type":"page","link":"https:\/\/podologmed.pl\/index.php\/rekonstrukcja-paznokci\/","title":{"rendered":"REKONSTRUKCJA PAZNOKCI"},"content":{"rendered":"[et_pb_section fb_built=&#8221;1&#8243; admin_label=&#8221;section&#8221; _builder_version=&#8221;4.16&#8243; global_colors_info=&#8221;{}&#8221;][et_pb_row admin_label=&#8221;row&#8221; _builder_version=&#8221;4.16&#8243; background_size=&#8221;initial&#8221; background_position=&#8221;top_left&#8221; background_repeat=&#8221;repeat&#8221; global_colors_info=&#8221;{}&#8221;][et_pb_column type=&#8221;4_4&#8243; _builder_version=&#8221;4.16&#8243; custom_padding=&#8221;|||&#8221; global_colors_info=&#8221;{}&#8221; custom_padding__hover=&#8221;|||&#8221;][et_pb_text _builder_version=&#8221;4.17.6&#8243; _module_preset=&#8221;default&#8221; hover_enabled=&#8221;0&#8243; sticky_enabled=&#8221;0&#8243;]<h1>Rekonstrukcja paznokci<\/h1>[\/et_pb_text][et_pb_text admin_label=&#8221;Text&#8221; _builder_version=&#8221;4.16&#8243; background_size=&#8221;initial&#8221; background_position=&#8221;top_left&#8221; background_repeat=&#8221;repeat&#8221; global_colors_info=&#8221;{}&#8221;]\n<p>Rekonstrukcja paznokci to zabieg polegaj\u0105cy na odtworzeniu p\u0142ytki paznokciowej utraconej na skutek uraz\u00f3w mechanicznych, zabieg\u00f3w chirurgicznych czy te\u017c przyjmowanych lek\u00f3w. Paznokcie poddawane rekonstrukcji stanowi\u0105 nie tylko problem estetyczny, cz\u0119sto towarzysz\u0105 im dolegliwo\u015bci b\u00f3lowe zwi\u0105zane z ods\u0142oni\u0119tym \u0142o\u017cyskiem czy te\u017c zmian\u0105 toru wzrostu p\u0142ytki paznokciowej. Cz\u0119sto towarzyszy im rownie\u017c infekcja bakteryjna czy te\u017c grzybicza. Protez\u0119 paznokcia wykonuje si\u0119 z materia\u0142u \u015bwiat\u0142outwardzalnego o dzia\u0142aniu przeciwgrzybicznym. Pacjent odzyskuje komfort zar\u00f3wno estetyczny jak i psychiczny.<\/p>\n[\/et_pb_text][\/et_pb_column][\/et_pb_row][et_pb_row _builder_version=&#8221;4.17.6&#8243; _module_preset=&#8221;default&#8221; column_structure=&#8221;1_2,1_2&#8243;][et_pb_column _builder_version=&#8221;4.17.6&#8243; _module_preset=&#8221;default&#8221; type=&#8221;1_2&#8243;][et_pb_image src=&#8221;https:\/\/podologmed.pl\/wp-content\/uploads\/2022\/08\/rekonstr-1.jpg&#8221; _builder_version=&#8221;4.17.6&#8243; _module_preset=&#8221;default&#8221; theme_builder_area=&#8221;post_content&#8221; hover_enabled=&#8221;0&#8243; sticky_enabled=&#8221;0&#8243;][\/et_pb_image][\/et_pb_column][et_pb_column _builder_version=&#8221;4.17.6&#8243; _module_preset=&#8221;default&#8221; type=&#8221;1_2&#8243;][et_pb_image src=&#8221;https:\/\/podologmed.pl\/wp-content\/uploads\/2022\/08\/rekon-po-1.jpg&#8221; _builder_version=&#8221;4.17.6&#8243; _module_preset=&#8221;default&#8221; theme_builder_area=&#8221;post_content&#8221; hover_enabled=&#8221;0&#8243; sticky_enabled=&#8221;0&#8243;][\/et_pb_image][\/et_pb_column][\/et_pb_row][et_pb_row _builder_version=&#8221;4.17.6&#8243; _module_preset=&#8221;default&#8221; column_structure=&#8221;1_2,1_2&#8243;][et_pb_column _builder_version=&#8221;4.17.6&#8243; _module_preset=&#8221;default&#8221; type=&#8221;1_2&#8243;][et_pb_image src=&#8221;https:\/\/podologmed.pl\/wp-content\/uploads\/2022\/08\/rekonstrukcja11-scaled.jpg&#8221; _builder_version=&#8221;4.17.6&#8243; _module_preset=&#8221;default&#8221; theme_builder_area=&#8221;post_content&#8221; hover_enabled=&#8221;0&#8243; sticky_enabled=&#8221;0&#8243;][\/et_pb_image][\/et_pb_column][et_pb_column _builder_version=&#8221;4.17.6&#8243; _module_preset=&#8221;default&#8221; type=&#8221;1_2&#8243;][et_pb_image src=&#8221;https:\/\/podologmed.pl\/wp-content\/uploads\/2022\/08\/rekonstrukcja1-scaled.jpg&#8221; _builder_version=&#8221;4.17.6&#8243; _module_preset=&#8221;default&#8221; theme_builder_area=&#8221;post_content&#8221; hover_enabled=&#8221;0&#8243; sticky_enabled=&#8221;0&#8243;][\/et_pb_image][\/et_pb_column][\/et_pb_row][\/et_pb_section]","protected":false},"excerpt":{"rendered":"<p>Rekonstrukcja paznokci Rekonstrukcja paznokci to zabieg polegaj\u0105cy na odtworzeniu p\u0142ytki paznokciowej utraconej na skutek uraz\u00f3w mechanicznych, zabieg\u00f3w chirurgicznych czy te\u017c przyjmowanych lek\u00f3w. Paznokcie poddawane rekonstrukcji stanowi\u0105 nie tylko problem estetyczny, cz\u0119sto towarzysz\u0105 im dolegliwo\u015bci b\u00f3lowe zwi\u0105zane z ods\u0142oni\u0119tym \u0142o\u017cyskiem czy te\u017c zmian\u0105 toru wzrostu p\u0142ytki paznokciowej. Cz\u0119sto towarzyszy im rownie\u017c infekcja bakteryjna czy te\u017c grzybicza. [&hellip;]<\/p>\n","protected":false},"author":3,"featured_media":0,"parent":0,"menu_order":0,"comment_status":"closed","ping_status":"closed","template":"","meta":{"_et_pb_use_builder":"on","_et_pb_old_content":"<!-- wp:paragraph -->\n<p>Rekonstrukcja paznokci to zabieg polegaj\u0105cy na odtworzeniu p\u0142ytki paznokciowej utraconej na skutek uraz\u00f3w mechanicznych, zabieg\u00f3w chirurgicznych czy te\u017c przyjmowanych lek\u00f3w. Paznokcie poddawane rekonstrukcji stanowi\u0105 nie tylko problem estetyczny, cz\u0119sto towarzysz\u0105 im dolegliwo\u015bci b\u00f3lowe zwi\u0105zane z ods\u0142oni\u0119tym \u0142o\u017cyskiem czy te\u017c zmian\u0105 toru wzrostu p\u0142ytki paznokciowej. Cz\u0119sto towarzyszy im rownie\u017c infekcja bakteryjna czy te\u017c grzybicza. Protez\u0119 paznokcia wykonuje si\u0119 z materia\u0142u \u015bwiat\u0142outwardzalnego o dzia\u0142aniu przeciwgrzybicznym. Pacjent odzyskuje komfort zar\u00f3wno estetyczny jak i psychiczny.<\/p>\n<!-- \/wp:paragraph -->","_et_gb_content_width":""},"_links":{"self":[{"href":"https:\/\/podologmed.pl\/index.php\/wp-json\/wp\/v2\/pages\/93"}],"collection":[{"href":"https:\/\/podologmed.pl\/index.php\/wp-json\/wp\/v2\/pages"}],"about":[{"href":"https:\/\/podologmed.pl\/index.php\/wp-json\/wp\/v2\/types\/page"}],"author":[{"embeddable":true,"href":"https:\/\/podologmed.pl\/index.php\/wp-json\/wp\/v2\/users\/3"}],"replies":[{"embeddable":true,"href":"https:\/\/podologmed.pl\/index.php\/wp-json\/wp\/v2\/comments?post=93"}],"version-history":[{"count":3,"href":"https:\/\/podologmed.pl\/index.php\/wp-json\/wp\/v2\/pages\/93\/revisions"}],"predecessor-version":[{"id":936,"href":"https:\/\/podologmed.pl\/index.php\/wp-json\/wp\/v2\/pages\/93\/revisions\/936"}],"wp:attachment":[{"href":"https:\/\/podologmed.pl\/index.php\/wp-json\/wp\/v2\/media?parent=93"}],"curies":[{"name":"wp","href":"https:\/\/api.w.org\/{rel}","templated":true}]}}