{"id":95,"date":"2022-05-22T18:15:38","date_gmt":"2022-05-22T16:15:38","guid":{"rendered":"https:\/\/podologmed.pl\/?page_id=95"},"modified":"2022-08-08T23:03:49","modified_gmt":"2022-08-08T21:03:49","slug":"brodawki-wirusowe-kurzajki","status":"publish","type":"page","link":"https:\/\/podologmed.pl\/index.php\/brodawki-wirusowe-kurzajki\/","title":{"rendered":"BRODAWKI WIRUSOWE\/KURZAJKI"},"content":{"rendered":"[et_pb_section fb_built=&#8221;1&#8243; theme_builder_area=&#8221;post_content&#8221; _builder_version=&#8221;4.17.6&#8243; _module_preset=&#8221;default&#8221;][et_pb_row _builder_version=&#8221;4.17.6&#8243; _module_preset=&#8221;default&#8221; theme_builder_area=&#8221;post_content&#8221;][et_pb_column _builder_version=&#8221;4.17.6&#8243; _module_preset=&#8221;default&#8221; type=&#8221;4_4&#8243; theme_builder_area=&#8221;post_content&#8221;][et_pb_text _builder_version=&#8221;4.17.6&#8243; _module_preset=&#8221;default&#8221; theme_builder_area=&#8221;post_content&#8221; hover_enabled=&#8221;0&#8243; sticky_enabled=&#8221;0&#8243;]<h1>Brodawki wirusowe \/ kurzajki<\/h1>[\/et_pb_text][\/et_pb_column][\/et_pb_row][et_pb_row admin_label=&#8221;row&#8221; _builder_version=&#8221;4.16&#8243; background_size=&#8221;initial&#8221; background_position=&#8221;top_left&#8221; background_repeat=&#8221;repeat&#8221; global_colors_info=&#8221;{}&#8221; theme_builder_area=&#8221;post_content&#8221;][et_pb_column type=&#8221;4_4&#8243; _builder_version=&#8221;4.16&#8243; custom_padding=&#8221;|||&#8221; global_colors_info=&#8221;{}&#8221; custom_padding__hover=&#8221;|||&#8221; theme_builder_area=&#8221;post_content&#8221;][et_pb_text admin_label=&#8221;Text&#8221; _builder_version=&#8221;4.16&#8243; background_size=&#8221;initial&#8221; background_position=&#8221;top_left&#8221; background_repeat=&#8221;repeat&#8221; global_colors_info=&#8221;{}&#8221; theme_builder_area=&#8221;post_content&#8221;]\n<p>Zmiany na stopach wywo\u0142ane przez wirusa brodawczaka ludzkiego.Pocz\u0105tkowo zmiany p\u0142askie, niewidoczne, zauwa\u017cane dopiero, kiedy zaczynaj\u0105 dokucza\u0107. Bardzo cz\u0119sto mylone z odciskiem. Obszar wyst\u0119powania brodawek to zar\u00f3wno podeszwa stopy jak i palce u st\u00f3p. Przy cz\u0119stej samodzielnej ingerencji w obr\u0119bie zmiany nierzadko\u00a0 zdarza si\u0119 przeniesienie zmian na inne partie cia\u0142a np. r\u0119ce. Atakuj\u0105 zar\u00f3wno dzieci jak i doros\u0142ych. Do zara\u017cenia najcz\u0119\u015bciej dochodzi na basenach, saunach czy w hotelach. Czynnikami sprzyjaj\u0105cymi zaka\u017ceniu s\u0105\u00a0 spadek odporno\u015bci, przerwanie ci\u0105g\u0142o\u015bci nask\u00f3rka. Zmiany maj\u0105 tendencj\u0105 do rozsiewania, dlatego bardzo wa\u017cne jest \u017ceby jak najszybciej wdro\u017cy\u0107 leczenie.<\/p>\n[\/et_pb_text][\/et_pb_column][\/et_pb_row][et_pb_row _builder_version=&#8221;4.17.6&#8243; _module_preset=&#8221;default&#8221; column_structure=&#8221;1_3,1_3,1_3&#8243; theme_builder_area=&#8221;post_content&#8221;][et_pb_column _builder_version=&#8221;4.17.6&#8243; _module_preset=&#8221;default&#8221; type=&#8221;1_3&#8243; theme_builder_area=&#8221;post_content&#8221;][et_pb_image src=&#8221;https:\/\/podologmed.pl\/wp-content\/uploads\/2022\/08\/brodwka1-scaled.jpg&#8221; _builder_version=&#8221;4.17.6&#8243; _module_preset=&#8221;default&#8221; theme_builder_area=&#8221;post_content&#8221;][\/et_pb_image][\/et_pb_column][et_pb_column _builder_version=&#8221;4.17.6&#8243; _module_preset=&#8221;default&#8221; type=&#8221;1_3&#8243; theme_builder_area=&#8221;post_content&#8221;][et_pb_image src=&#8221;https:\/\/podologmed.pl\/wp-content\/uploads\/2022\/08\/20161020_180010-scaled.jpg&#8221; _builder_version=&#8221;4.17.6&#8243; _module_preset=&#8221;default&#8221; theme_builder_area=&#8221;post_content&#8221;][\/et_pb_image][\/et_pb_column][et_pb_column _builder_version=&#8221;4.17.6&#8243; _module_preset=&#8221;default&#8221; type=&#8221;1_3&#8243; theme_builder_area=&#8221;post_content&#8221;][et_pb_image src=&#8221;https:\/\/podologmed.pl\/wp-content\/uploads\/2022\/08\/20161020_175948-scaled.jpg&#8221; _builder_version=&#8221;4.17.6&#8243; _module_preset=&#8221;default&#8221; theme_builder_area=&#8221;post_content&#8221; hover_enabled=&#8221;0&#8243; sticky_enabled=&#8221;0&#8243;][\/et_pb_image][\/et_pb_column][\/et_pb_row][\/et_pb_section]","protected":false},"excerpt":{"rendered":"<p>Brodawki wirusowe \/ kurzajki Zmiany na stopach wywo\u0142ane przez wirusa brodawczaka ludzkiego.Pocz\u0105tkowo zmiany p\u0142askie, niewidoczne, zauwa\u017cane dopiero, kiedy zaczynaj\u0105 dokucza\u0107. Bardzo cz\u0119sto mylone z odciskiem. Obszar wyst\u0119powania brodawek to zar\u00f3wno podeszwa stopy jak i palce u st\u00f3p. Przy cz\u0119stej samodzielnej ingerencji w obr\u0119bie zmiany nierzadko\u00a0 zdarza si\u0119 przeniesienie zmian na inne partie cia\u0142a np. r\u0119ce. [&hellip;]<\/p>\n","protected":false},"author":3,"featured_media":0,"parent":0,"menu_order":0,"comment_status":"closed","ping_status":"closed","template":"","meta":{"_et_pb_use_builder":"on","_et_pb_old_content":"<!-- wp:paragraph -->\n<p>Zmiany na stopach wywo\u0142ane przez wirusa brodawczaka ludzkiego.Pocz\u0105tkowo zmiany p\u0142askie, niewidoczne, zauwa\u017cane dopiero, kiedy zaczynaj\u0105 dokucza\u0107. Bardzo cz\u0119sto mylone z odciskiem. Obszar wyst\u0119powania brodawek to zar\u00f3wno podeszwa stopy jak i palce u st\u00f3p. Przy cz\u0119stej samodzielnej ingerencji w obr\u0119bie zmiany nierzadko\u00a0 zdarza si\u0119 przeniesienie zmian na inne partie cia\u0142a np. r\u0119ce. Atakuj\u0105 zar\u00f3wno dzieci jak i doros\u0142ych. Do zara\u017cenia najcz\u0119\u015bciej dochodzi na basenach, saunach czy w hotelach. Czynnikami sprzyjaj\u0105cymi zaka\u017ceniu s\u0105\u00a0 spadek odporno\u015bci, przerwanie ci\u0105g\u0142o\u015bci nask\u00f3rka. Zmiany maj\u0105 tendencj\u0105 do rozsiewania, dlatego bardzo wa\u017cne jest \u017ceby jak najszybciej wdro\u017cy\u0107 leczenie.<\/p>\n<!-- \/wp:paragraph -->","_et_gb_content_width":""},"_links":{"self":[{"href":"https:\/\/podologmed.pl\/index.php\/wp-json\/wp\/v2\/pages\/95"}],"collection":[{"href":"https:\/\/podologmed.pl\/index.php\/wp-json\/wp\/v2\/pages"}],"about":[{"href":"https:\/\/podologmed.pl\/index.php\/wp-json\/wp\/v2\/types\/page"}],"author":[{"embeddable":true,"href":"https:\/\/podologmed.pl\/index.php\/wp-json\/wp\/v2\/users\/3"}],"replies":[{"embeddable":true,"href":"https:\/\/podologmed.pl\/index.php\/wp-json\/wp\/v2\/comments?post=95"}],"version-history":[{"count":6,"href":"https:\/\/podologmed.pl\/index.php\/wp-json\/wp\/v2\/pages\/95\/revisions"}],"predecessor-version":[{"id":441,"href":"https:\/\/podologmed.pl\/index.php\/wp-json\/wp\/v2\/pages\/95\/revisions\/441"}],"wp:attachment":[{"href":"https:\/\/podologmed.pl\/index.php\/wp-json\/wp\/v2\/media?parent=95"}],"curies":[{"name":"wp","href":"https:\/\/api.w.org\/{rel}","templated":true}]}}