{"id":97,"date":"2022-05-22T18:16:24","date_gmt":"2022-05-22T16:16:24","guid":{"rendered":"https:\/\/podologmed.pl\/?page_id=97"},"modified":"2022-05-22T18:16:24","modified_gmt":"2022-05-22T16:16:24","slug":"nadpotliwosc-stop","status":"publish","type":"page","link":"https:\/\/podologmed.pl\/index.php\/nadpotliwosc-stop\/","title":{"rendered":"NADPOTLIWO\u015a\u0106 ST\u00d3P"},"content":{"rendered":"\n<p>Nadpotliwo\u015b\u0107 st\u00f3p stanowi&nbsp; problem nie tylko&nbsp; estetyczny, ale r\u00f3wnie\u017c medycznyi psychologiczny. Problem nadmiernej potliwo\u015bci ma miejsce w\u00f3wczas, gdy na zewn\u0105trz organizmu zostaje wydzielana nadmierna ilo\u015b\u0107 potu. Towarzyszy temu&nbsp; nieestetyczny wygl\u0105d i zapach, kt\u00f3re znacznie zaburzaj\u0105 jako\u015b\u0107 \u017cycia os\u00f3b dotkni\u0119tych t\u0105 przypad\u0142o\u015bci\u0105.<\/p>\n\n\n\n<p>Nadpotliwo\u015b\u0107 st\u00f3p mo\u017ce by\u0107 objawem wielu chor\u00f3b najcz\u0119\u015bciej o pod\u0142o\u017cu endokrynologicznym zwi\u0105zanych z zaburzeniami hormonalnymi, nadczynno\u015bci\u0105 tarczycy.<\/p>\n\n\n\n<p>Pojawia si\u0119 r\u00f3wnie\u017c po zastosowaniu niekt\u00f3rych lek\u00f3w oraz u\u017cywek . Nadmierna potliwo\u015b\u0107 mo\u017ce by\u0107 r\u00f3wnie\u017c wynikiem dzia\u0142ania czynnik\u00f3w pschologicznych \u2013 mamy wtedy do czynienia z tzw. poceniem emocjonalnym. Zdarza si\u0119 r\u00f3wnie\u017c, \u017ce przyczyn\u0105 s\u0105 uwarunkowania rodzinne, okres dzieci\u0144stwa lub dojrzewania.&nbsp; Dlatego bardzo wa\u017cnym elementem jest wywiad i ustalenie \u017ar\u00f3d\u0142a problemu. Specjalista podolog dobierze odpowiednie preparaty medyczne zminejszaj\u0105ce potliwo\u015b\u0107 st\u00f3p. Podczas konsultacji udzieli cennych wskaz\u00f3wek jak piel\u0119gnowa\u0107 stopy w domu oraz czego wystrzega\u0107 si\u0119 by ograniczy\u0107 problem nadmiernej potliwo\u015bci.<\/p>\n","protected":false},"excerpt":{"rendered":"<p>Nadpotliwo\u015b\u0107 st\u00f3p stanowi&nbsp; problem nie tylko&nbsp; estetyczny, ale r\u00f3wnie\u017c medycznyi psychologiczny. Problem nadmiernej potliwo\u015bci ma miejsce w\u00f3wczas, gdy na zewn\u0105trz organizmu zostaje wydzielana nadmierna ilo\u015b\u0107 potu. Towarzyszy temu&nbsp; nieestetyczny wygl\u0105d i zapach, kt\u00f3re znacznie zaburzaj\u0105 jako\u015b\u0107 \u017cycia os\u00f3b dotkni\u0119tych t\u0105 przypad\u0142o\u015bci\u0105. Nadpotliwo\u015b\u0107 st\u00f3p mo\u017ce by\u0107 objawem wielu chor\u00f3b najcz\u0119\u015bciej o pod\u0142o\u017cu endokrynologicznym zwi\u0105zanych z zaburzeniami [&hellip;]<\/p>\n","protected":false},"author":3,"featured_media":0,"parent":0,"menu_order":0,"comment_status":"closed","ping_status":"closed","template":"","meta":{"_et_pb_use_builder":"","_et_pb_old_content":"","_et_gb_content_width":""},"_links":{"self":[{"href":"https:\/\/podologmed.pl\/index.php\/wp-json\/wp\/v2\/pages\/97"}],"collection":[{"href":"https:\/\/podologmed.pl\/index.php\/wp-json\/wp\/v2\/pages"}],"about":[{"href":"https:\/\/podologmed.pl\/index.php\/wp-json\/wp\/v2\/types\/page"}],"author":[{"embeddable":true,"href":"https:\/\/podologmed.pl\/index.php\/wp-json\/wp\/v2\/users\/3"}],"replies":[{"embeddable":true,"href":"https:\/\/podologmed.pl\/index.php\/wp-json\/wp\/v2\/comments?post=97"}],"version-history":[{"count":1,"href":"https:\/\/podologmed.pl\/index.php\/wp-json\/wp\/v2\/pages\/97\/revisions"}],"predecessor-version":[{"id":98,"href":"https:\/\/podologmed.pl\/index.php\/wp-json\/wp\/v2\/pages\/97\/revisions\/98"}],"wp:attachment":[{"href":"https:\/\/podologmed.pl\/index.php\/wp-json\/wp\/v2\/media?parent=97"}],"curies":[{"name":"wp","href":"https:\/\/api.w.org\/{rel}","templated":true}]}}