{"id":970,"date":"2023-04-09T18:31:06","date_gmt":"2023-04-09T16:31:06","guid":{"rendered":"https:\/\/podologmed.pl\/?page_id=970"},"modified":"2025-01-07T09:34:29","modified_gmt":"2025-01-07T08:34:29","slug":"cennik","status":"publish","type":"page","link":"https:\/\/podologmed.pl\/index.php\/cennik\/","title":{"rendered":"Cennik"},"content":{"rendered":"<p>[et_pb_section fb_built=&#8221;1&#8243; _builder_version=&#8221;4.16&#8243; global_colors_info=&#8221;{}&#8221;][et_pb_row _builder_version=&#8221;4.17.6&#8243; _module_preset=&#8221;default&#8221; global_colors_info=&#8221;{}&#8221;][et_pb_column type=&#8221;4_4&#8243; _builder_version=&#8221;4.17.6&#8243; _module_preset=&#8221;default&#8221; global_colors_info=&#8221;{}&#8221;][et_pb_text _builder_version=&#8221;4.17.6&#8243; _module_preset=&#8221;default&#8221; global_colors_info=&#8221;{}&#8221;]<\/p>\n<h1>Cennik<\/h1>\n<p>[\/et_pb_text][\/et_pb_column][\/et_pb_row][et_pb_row _builder_version=&#8221;4.17.6&#8243; _module_preset=&#8221;default&#8221; global_colors_info=&#8221;{}&#8221;][et_pb_column type=&#8221;4_4&#8243; _builder_version=&#8221;4.17.6&#8243; _module_preset=&#8221;default&#8221; global_colors_info=&#8221;{}&#8221;][et_pb_code _builder_version=&#8221;4.17.6&#8243; _module_preset=&#8221;default&#8221; global_colors_info=&#8221;{}&#8221;]<\/p>\n<style type=\"text\/css\"><!-- [et_pb_line_break_holder] -->\ttable.tableizer-table {<!-- [et_pb_line_break_holder] -->\t\tfont-size: 12px;<!-- [et_pb_line_break_holder] -->\t\tborder: 1px solid #CCC; <!-- [et_pb_line_break_holder] -->\t\tfont-family: Arial, Helvetica, sans-serif;<!-- [et_pb_line_break_holder] -->\t} <!-- [et_pb_line_break_holder] -->\t.tableizer-table td {<!-- [et_pb_line_break_holder] -->\t\tpadding: 4px;<!-- [et_pb_line_break_holder] -->\t\tmargin: 3px;<!-- [et_pb_line_break_holder] -->\t\tborder: 1px solid #CCC;<!-- [et_pb_line_break_holder] -->\t}<!-- [et_pb_line_break_holder] -->\t.tableizer-table th {<!-- [et_pb_line_break_holder] -->\t\tbackground-color: #9ddaff; <!-- [et_pb_line_break_holder] -->\t\tcolor: #000;<!-- [et_pb_line_break_holder] -->\t\tfont-weight: bold;<!-- [et_pb_line_break_holder] -->\t}<!-- [et_pb_line_break_holder] --><\/style>\n<p><!-- [et_pb_line_break_holder] --><\/p>\n<table class=\"tableizer-table\"><!-- [et_pb_line_break_holder] --><\/p>\n<thead>\n<tr class=\"tableizer-firstrow\">\n<th>ZABIEG<\/th>\n<th>CENA\/CZAS<\/th>\n<\/tr>\n<\/thead>\n<tbody><!-- [et_pb_line_break_holder] --> <\/p>\n<tr>\n<td>Konsultacja podologiczna<\/td>\n<td>100 z\u0142 do 20 min.<\/td>\n<\/tr>\n<p><!-- [et_pb_line_break_holder] --> <\/p>\n<tr>\n<td>Podstawowy zabieg podologiczny\/piel\u0119gnacja st\u00f3p (opracowanie paznokci, usuni\u0119cie standardowych hiperkeratoz)<\/td>\n<td>180z\u0142 60 min.<\/td>\n<\/tr>\n<p><!-- [et_pb_line_break_holder] --> <\/p>\n<tr>\n<td>Specjalistyczny zabieg podologiczny (rozszerzony zabieg podstawowy + usuni\u0119cie modzeli, odcisk\u00f3w)<\/td>\n<td>od 200z\u0142 60 min.<\/td>\n<\/tr>\n<p><!-- [et_pb_line_break_holder] --> <\/p>\n<tr>\n<td>Pokrycie paznokci lakierem hybrydowym (wy\u0142\u0105cznie do zabiegu)<\/td>\n<td>80z\u0142 20min.<\/td>\n<\/tr>\n<p><!-- [et_pb_line_break_holder] --> <\/p>\n<tr>\n<td>Skr\u00f3cenie paznokci, oszlifowanie na frezarce<\/td>\n<td>od 100z\u0142 30 min.<\/td>\n<\/tr>\n<p><!-- [et_pb_line_break_holder] --> <\/p>\n<tr>\n<td>Terapia przeciwgrzybicza paznokci (zale\u017cy od ilo\u015bci paznokci)<\/td>\n<td>150-300z\u0142 60min.<\/td>\n<\/tr>\n<p><!-- [et_pb_line_break_holder] --> <\/p>\n<tr>\n<td>Usuni\u0119cie odcisku<\/td>\n<td>100z\u0142 do 30 min.<\/td>\n<\/tr>\n<p><!-- [et_pb_line_break_holder] --> <\/p>\n<tr>\n<td>Usuni\u0119cie modzela<\/td>\n<td>100z\u0142 do 30 min.<\/td>\n<\/tr>\n<p><!-- [et_pb_line_break_holder] --> <\/p>\n<tr>\n<td>Brodawki wirusowe HPV<\/td>\n<td>od 100z\u0142 30 min. (zale\u017cy od ilo\u015bci zmian)<\/td>\n<\/tr>\n<p><!-- [et_pb_line_break_holder] --> <\/p>\n<tr>\n<td>Opracowanie p\u0119kaj\u0105cych pi\u0119t<\/td>\n<td>od 200z\u0142 30-60 min.<\/td>\n<\/tr>\n<p><!-- [et_pb_line_break_holder] --> <\/p>\n<tr>\n<td>Podci\u0119cie wrastaj\u0105cego paznokcia (z za\u0142o\u017ceniem specjalistycznego opatrunku)<\/td>\n<td>150z\u0142 30 min.<\/td>\n<\/tr>\n<p><!-- [et_pb_line_break_holder] --> <\/p>\n<tr>\n<td>Opatrunki ze \u015brodkiem leczniczym<\/td>\n<td> 100z\u0142 20-30 min.<\/td>\n<\/tr>\n<p><!-- [et_pb_line_break_holder] --> <\/p>\n<tr>\n<td>Za\u0142o\u017cenie korekcyjnej klamry drutowej<\/td>\n<td>200z\u0142 30 min.<\/td>\n<\/tr>\n<p><!-- [et_pb_line_break_holder] --> <\/p>\n<tr>\n<td>Zmiana \u0142\u0105cznika\/przesuni\u0119cie klamry 1 paznokie\u0107 \/ 2 paznokcie<\/td>\n<td>150z\u0142 \/ 260z\u0142 30 min.<\/td>\n<\/tr>\n<p><!-- [et_pb_line_break_holder] --> <\/p>\n<tr>\n<td>Usuni\u0119cie krwiaka podpaznokciowego<\/td>\n<td>150z\u0142 30 min.<\/td>\n<\/tr>\n<p><!-- [et_pb_line_break_holder] --> <\/p>\n<tr>\n<td>Rekonstrukcja paznokcia<\/td>\n<td>150z\u0142 30-60 min.<\/td>\n<\/tr>\n<p><!-- [et_pb_line_break_holder] --> <\/p>\n<tr>\n<td>Wizyta kontrolna<\/td>\n<td>100z\u0142 15 min.<\/td>\n<\/tr>\n<p><!-- [et_pb_line_break_holder] --><\/tbody>\n<\/table>\n<p>[\/et_pb_code][\/et_pb_column][\/et_pb_row][\/et_pb_section]<\/p>\n","protected":false},"excerpt":{"rendered":"<p>Cennik<\/p>\n","protected":false},"author":1,"featured_media":0,"parent":0,"menu_order":0,"comment_status":"closed","ping_status":"closed","template":"","meta":{"_et_pb_use_builder":"on","_et_pb_old_content":"<!-- wp:paragraph -->\n<p>Cennik<\/p>\n<!-- \/wp:paragraph -->\n\n<!-- wp:paragraph -->\n<p><\/p>\n<!-- \/wp:paragraph -->\n\n<!-- wp:paragraph -->\n<p><\/p>\n<!-- \/wp:paragraph -->\n\n<!-- wp:paragraph -->\n<p><\/p>\n<!-- \/wp:paragraph -->\n\n<!-- wp:paragraph -->\n<p>ZABIEGI CENA* CZAS<\/p>\n<!-- \/wp:paragraph -->\n\n<!-- wp:paragraph -->\n<p>Konsultacja podologiczna 80 z\u0142 do 20<br>min.<\/p>\n<!-- \/wp:paragraph -->\n\n<!-- wp:paragraph -->\n<p>Podstawowy zabieg podologiczny\/piel\u0119gnacja st\u00f3p<br>(opracowanie paznokci, usuni\u0119cie standardowych<br>hiperkeratoz)<\/p>\n<!-- \/wp:paragraph -->\n\n<!-- wp:paragraph -->\n<p>130-150<br>z\u0142<\/p>\n<!-- \/wp:paragraph -->\n\n<!-- wp:paragraph -->\n<p>60 min.<\/p>\n<!-- \/wp:paragraph -->\n\n<!-- wp:paragraph -->\n<p>Specjalistyczny zabieg podologiczny (rozszerzony zabieg<br>podstawowy + usuni\u0119cie modzeli, odcisk\u00f3w)<\/p>\n<!-- \/wp:paragraph -->\n\n<!-- wp:paragraph -->\n<p>od 150<br>z\u0142<\/p>\n<!-- \/wp:paragraph -->\n\n<!-- wp:paragraph -->\n<p>60 min.<\/p>\n<!-- \/wp:paragraph -->\n\n<!-- wp:paragraph -->\n<p>Pokrycie paznokci lakierem hybrydowym (wy\u0142\u0105cznie do<br>zabiegu)<\/p>\n<!-- \/wp:paragraph -->\n\n<!-- wp:paragraph -->\n<p>70 z\u0142 20min.<\/p>\n<!-- \/wp:paragraph -->\n\n<!-- wp:paragraph -->\n<p>Skr\u00f3cenie paznokci, oszlifowanie na frezarce od 80 z\u0142 30 min.<\/p>\n<!-- \/wp:paragraph -->\n\n<!-- wp:paragraph -->\n<p>Terapia przeciwgrzybicza paznokci (zale\u017cy od ilo\u015bci<br>paznokci)<\/p>\n<!-- \/wp:paragraph -->\n\n<!-- wp:paragraph -->\n<p>150-300<br>z\u0142<\/p>\n<!-- \/wp:paragraph -->\n\n<!-- wp:paragraph -->\n<p>60min.<\/p>\n<!-- \/wp:paragraph -->\n\n<!-- wp:paragraph -->\n<p>Usuni\u0119cie odcisku 80 z\u0142 do 30<br>min.<\/p>\n<!-- \/wp:paragraph -->\n\n<!-- wp:paragraph -->\n<p>Usuni\u0119cie modzela 80 z\u0142 do 30<br>min.<\/p>\n<!-- \/wp:paragraph -->\n\n<!-- wp:paragraph -->\n<p>Brodawki wirusowe HPV<br>(zale\u017cy od ilo\u015bci zmian)<\/p>\n<!-- \/wp:paragraph -->\n\n<!-- wp:paragraph -->\n<p>od 80 z\u0142 30 min.<\/p>\n<!-- \/wp:paragraph -->\n\n<!-- wp:paragraph -->\n<p>Opracowanie p\u0119kaj\u0105cych pi\u0119t od 150<br>z\u0142<\/p>\n<!-- \/wp:paragraph -->\n\n<!-- wp:paragraph -->\n<p>30-60<br>min.<\/p>\n<!-- \/wp:paragraph -->\n\n<!-- wp:paragraph -->\n<p>Podci\u0119cie wrastaj\u0105cego paznokcia (z za\u0142o\u017ceniem<br>specjalistycznego opatrunku)<\/p>\n<!-- \/wp:paragraph -->\n\n<!-- wp:paragraph -->\n<p>100 z\u0142 30 min.<\/p>\n<!-- \/wp:paragraph -->\n\n<!-- wp:paragraph -->\n<p>Opatrunki ze \u015brodkiem leczniczym od 80 z\u0142 20-30<br>min.<\/p>\n<!-- \/wp:paragraph -->\n\n<!-- wp:paragraph -->\n<p>Za\u0142o\u017cenie korekcyjnej klamry drutowej 180 z\u0142 30 min.<\/p>\n<!-- \/wp:paragraph -->\n\n<!-- wp:paragraph -->\n<p>Zmiana \u0142\u0105cznika\/przesuni\u0119cie klamry 120 z\u0142 30 min.<\/p>\n<!-- \/wp:paragraph -->\n\n<!-- wp:paragraph -->\n<p>Usuni\u0119cie krwiaka podpaznokciowego 150 z\u0142 30 min.<\/p>\n<!-- \/wp:paragraph -->\n\n<!-- wp:paragraph -->\n<p>Rekonstrukcja paznokcia 120 z\u0142 30-60<br>min.<\/p>\n<!-- \/wp:paragraph -->\n\n<!-- wp:paragraph -->\n<p>Wizyta kontrolna 50 z\u0142 15 min.<\/p>\n<!-- \/wp:paragraph -->\n\n<!-- wp:paragraph -->\n<p>*Ostateczna cena zabiegu ustalana jest indywidualnie i uzale\u017cniona<br>jest od stopnia nasilenia zmian, obszaru wyst\u0119powania,<br>zastosowanych narz\u0119dzi i preparat\u00f3w.<\/p>\n<!-- \/wp:paragraph -->","_et_gb_content_width":""},"_links":{"self":[{"href":"https:\/\/podologmed.pl\/index.php\/wp-json\/wp\/v2\/pages\/970"}],"collection":[{"href":"https:\/\/podologmed.pl\/index.php\/wp-json\/wp\/v2\/pages"}],"about":[{"href":"https:\/\/podologmed.pl\/index.php\/wp-json\/wp\/v2\/types\/page"}],"author":[{"embeddable":true,"href":"https:\/\/podologmed.pl\/index.php\/wp-json\/wp\/v2\/users\/1"}],"replies":[{"embeddable":true,"href":"https:\/\/podologmed.pl\/index.php\/wp-json\/wp\/v2\/comments?post=970"}],"version-history":[{"count":9,"href":"https:\/\/podologmed.pl\/index.php\/wp-json\/wp\/v2\/pages\/970\/revisions"}],"predecessor-version":[{"id":1103,"href":"https:\/\/podologmed.pl\/index.php\/wp-json\/wp\/v2\/pages\/970\/revisions\/1103"}],"wp:attachment":[{"href":"https:\/\/podologmed.pl\/index.php\/wp-json\/wp\/v2\/media?parent=970"}],"curies":[{"name":"wp","href":"https:\/\/api.w.org\/{rel}","templated":true}]}}