{"id":99,"date":"2022-05-22T18:17:15","date_gmt":"2022-05-22T16:17:15","guid":{"rendered":"https:\/\/podologmed.pl\/?page_id=99"},"modified":"2022-05-22T18:17:15","modified_gmt":"2022-05-22T16:17:15","slug":"pielegnacja-stop-seniorow","status":"publish","type":"page","link":"https:\/\/podologmed.pl\/index.php\/pielegnacja-stop-seniorow\/","title":{"rendered":"PIEL\u0118GNACJA ST\u00d3P SENIOR\u00d3W"},"content":{"rendered":"\n<p>Nasze stopy s\u0142u\u017c\u0105 nam przez ca\u0142e \u017cycie, nie maj\u0105 jednego wolnego dnia. Czasem nam o sobie przypominaj\u0105, na pocz\u0105tku dyskretnie, ale z wiekim coraz bardziej dobitnie. Dopiero jednak gdy odmawiaj\u0105 pos\u0142usze\u0144stwa, a b\u00f3l z ka\u017cdym krokiem staje si\u0119 nie do zniesienia, u\u015bwiadamiamy sobie ile dla nas znacz\u0105 i ile by\u015bmy oddali by by\u0142y zdrowe.<\/p>\n\n\n\n<p>Deformacje st\u00f3p z wiekiem przyczyniaj\u0105 si\u0119 do powstawania modzeli i bol\u0105cych odcisk\u00f3w. Sk\u00f3ra jest sucha, pojawiaj\u0105 si\u0119 bolesne p\u0119kni\u0119cia i rozpadliny. Wraz z up\u0142ywem lat deformuje si\u0119 p\u0142ytka paznokciowa, wzrost paznokci spowalnia, staj\u0105 si\u0119 one zgrubia\u0142e, szponowate, a ich piel\u0119gnacja k\u0142opotliwa. Nieprawid\u0142owe obcinanie paznokci prowadzi do ich wrastania, stan\u00f3 zapalnych i du\u017cej bolesno\u015bci.<\/p>\n\n\n\n<p>Jak sobie z tym wszystkim poradzi\u0107?<\/p>\n\n\n\n<p>Rozwi\u0105zaniem jest wizyta u podologa. Podczas konsultacji podolog oceni stan st\u00f3p oraz zaproponuje najlepszy spos\u00f3b leczenia, a regularne wizyty pomog\u0105 ustrzec nas przed b\u00f3lem i pope\u0142nieniem b\u0142\u0119d\u00f3w piel\u0119gnacyjnych w przysz\u0142o\u015bci.<\/p>\n","protected":false},"excerpt":{"rendered":"<p>Nasze stopy s\u0142u\u017c\u0105 nam przez ca\u0142e \u017cycie, nie maj\u0105 jednego wolnego dnia. Czasem nam o sobie przypominaj\u0105, na pocz\u0105tku dyskretnie, ale z wiekim coraz bardziej dobitnie. Dopiero jednak gdy odmawiaj\u0105 pos\u0142usze\u0144stwa, a b\u00f3l z ka\u017cdym krokiem staje si\u0119 nie do zniesienia, u\u015bwiadamiamy sobie ile dla nas znacz\u0105 i ile by\u015bmy oddali by by\u0142y zdrowe. Deformacje [&hellip;]<\/p>\n","protected":false},"author":3,"featured_media":0,"parent":0,"menu_order":0,"comment_status":"closed","ping_status":"closed","template":"","meta":{"_et_pb_use_builder":"","_et_pb_old_content":"","_et_gb_content_width":""},"_links":{"self":[{"href":"https:\/\/podologmed.pl\/index.php\/wp-json\/wp\/v2\/pages\/99"}],"collection":[{"href":"https:\/\/podologmed.pl\/index.php\/wp-json\/wp\/v2\/pages"}],"about":[{"href":"https:\/\/podologmed.pl\/index.php\/wp-json\/wp\/v2\/types\/page"}],"author":[{"embeddable":true,"href":"https:\/\/podologmed.pl\/index.php\/wp-json\/wp\/v2\/users\/3"}],"replies":[{"embeddable":true,"href":"https:\/\/podologmed.pl\/index.php\/wp-json\/wp\/v2\/comments?post=99"}],"version-history":[{"count":1,"href":"https:\/\/podologmed.pl\/index.php\/wp-json\/wp\/v2\/pages\/99\/revisions"}],"predecessor-version":[{"id":100,"href":"https:\/\/podologmed.pl\/index.php\/wp-json\/wp\/v2\/pages\/99\/revisions\/100"}],"wp:attachment":[{"href":"https:\/\/podologmed.pl\/index.php\/wp-json\/wp\/v2\/media?parent=99"}],"curies":[{"name":"wp","href":"https:\/\/api.w.org\/{rel}","templated":true}]}}